{"id":152,"date":"2020-11-30T01:12:09","date_gmt":"2020-11-30T04:12:09","guid":{"rendered":"https:\/\/crisisrecords.cl\/?page_id=152"},"modified":"2026-03-01T14:51:12","modified_gmt":"2026-03-01T17:51:12","slug":"m-y-d-miradas-doncellas","status":"publish","type":"page","link":"https:\/\/crisisrecords.cl\/?page_id=152","title":{"rendered":"M Y D &#8211; Miradas &#038; Doncellas"},"content":{"rendered":"\n<figure class=\"wp-block-image size-large is-resized\"><img loading=\"lazy\" decoding=\"async\" width=\"500\" height=\"197\" src=\"https:\/\/crisisrecords.cl\/wp-content\/uploads\/2020\/11\/MD_500_x_197.jpg\" alt=\"\" class=\"wp-image-173\" style=\"width:576px;height:227px\" srcset=\"https:\/\/crisisrecords.cl\/wp-content\/uploads\/2020\/11\/MD_500_x_197.jpg 500w, https:\/\/crisisrecords.cl\/wp-content\/uploads\/2020\/11\/MD_500_x_197-300x118.jpg 300w\" sizes=\"auto, (max-width: 500px) 100vw, 500px\" \/><figcaption class=\"wp-element-caption\">Nov\/1995<\/figcaption><\/figure>\n\n\n\n<p>Artista: Miradas &amp; Doncellas<br>T\u00edtulo: MYD<br>Fecha edici\u00f3n: 11\/1995<br>Formato: Cassette<br>Grabaci\u00f3n: Enero y Febrero de 1995 en Estudio 2M<br>Mezcla: Marzo a Junio de 1995 en Estudio 2M<br>Grabaci\u00f3n y mezcla por Patricio Moya, excepto &#8220;Por \u00faltima vez&#8221; mezclado por Sergio Moya, grabaciones y mezclas adicionales por Alejandro Miranda y Tonko Yutronic<br>Masterizaci\u00f3n: Julio de 1995 por Juan Pablo Labra en estudio Sonus<br>Producci\u00f3n ejecutiva: H\u00e9ctor Aguirre<br>Fotograf\u00edas: Rodrigo Miranda<br>Idea portada: Patricio Moya y Alejandro Albornoz<br>Diagramaci\u00f3n y dise\u00f1o: H\u00e9ctor Aguirre<br>Distribuci\u00f3n: Toxic Records<br><br><strong>Alejandro Miranda:<\/strong> Voz, sintetizador, programaci\u00f3n<br><strong>Tonko Yutronic:<\/strong> Sintetizador, coros, programaci\u00f3n<br><strong>Patricio Moya:<\/strong> Sintetizador, programaci\u00f3n<br><strong>Rodrigo Miranda:<\/strong> Guitarra<\/p>\n\n\n\n<iframe loading=\"lazy\" width=\"100%\" height=\"166\" scrolling=\"no\" frameborder=\"no\" allow=\"autoplay\" src=\"https:\/\/w.soundcloud.com\/player\/?url=https%3A\/\/api.soundcloud.com\/tracks\/704595&amp;color=%23ff5500&amp;auto_play=false&amp;hide_related=false&amp;show_comments=true&amp;show_user=true&amp;show_reposts=false&amp;show_teaser=true\"><\/iframe><div style=\"font-size: 10px; color: #cccccc;line-break: anywhere;word-break: normal;overflow: hidden;white-space: nowrap;text-overflow: ellipsis; font-family: Interstate,Lucida Grande,Lucida Sans Unicode,Lucida Sans,Garuda,Verdana,Tahoma,sans-serif;font-weight: 100;\"><a href=\"https:\/\/soundcloud.com\/crisisrecords\" title=\"crisisrecords\" target=\"_blank\" style=\"color: #cccccc; text-decoration: none;\" rel=\"noopener noreferrer\">crisisrecords<\/a> \u00b7 <a href=\"https:\/\/soundcloud.com\/crisisrecords\/miradas-doncellas-por-ultima-vez\" title=\"Miradas &amp; Doncellas - Por \u00faltima vez\" target=\"_blank\" style=\"color: #cccccc; text-decoration: none;\" rel=\"noopener noreferrer\">Miradas &amp; Doncellas &#8211; Por \u00faltima vez<\/a><\/div>\n\n\n\n<figure class=\"wp-block-image size-large is-resized\"><img loading=\"lazy\" decoding=\"async\" width=\"300\" height=\"50\" src=\"https:\/\/crisisrecords.cl\/wp-content\/uploads\/2020\/11\/myd_promo.jpg\" alt=\"\" class=\"wp-image-158\" style=\"width:459px;height:77px\"\/><\/figure>\n\n\n\n<p>La idea de hacer un disco fue naciendo a fines de 1994.<br>La producci\u00f3n completa fue realizada por los integrantes de la banda, cosa rara hasta esa \u00e9poca, esto gracias a que Patricio, Tonko y Alejandro adem\u00e1s de ser m\u00fasicos son sonidistas, Rodrigo fot\u00f3grafo y adem\u00e1s Patricio contaba con un estudio de grabaci\u00f3n junto a su hermano Sergio.<br>El lanzamiento se realiz\u00f3 en la Rockola el 16 de noviembre de 1995, para la promoci\u00f3n del disco se realizaron presentaciones en vivo en Santiago, Valpara\u00edso y televisi\u00f3n abierta.  <br>Luego de lanzado el disco Patricio se retir\u00f3 de la banda para retomar su grupo anterior a Miradas &amp; Doncellas; La Redenci\u00f3n. Mientras que la banda sigui\u00f3 trabajando en nuevos temas, grabaciones y con variadas presentaciones.<\/p>\n\n\n\n<figure class=\"wp-block-gallery has-nested-images columns-default is-cropped wp-block-gallery-1 is-layout-flex wp-block-gallery-is-layout-flex\">\n<figure class=\"wp-block-image size-large\"><img loading=\"lazy\" decoding=\"async\" width=\"372\" height=\"591\" data-id=\"160\" src=\"https:\/\/crisisrecords.cl\/wp-content\/uploads\/2020\/11\/Tonko_web.jpg\" alt=\"Tonko Yutronic\" class=\"wp-image-160\" srcset=\"https:\/\/crisisrecords.cl\/wp-content\/uploads\/2020\/11\/Tonko_web.jpg 372w, https:\/\/crisisrecords.cl\/wp-content\/uploads\/2020\/11\/Tonko_web-189x300.jpg 189w\" sizes=\"auto, (max-width: 372px) 100vw, 372px\" \/><figcaption class=\"wp-element-caption\">Tonko<\/figcaption><\/figure>\n\n\n\n<figure class=\"wp-block-image size-large\"><img loading=\"lazy\" decoding=\"async\" width=\"378\" height=\"591\" data-id=\"159\" src=\"https:\/\/crisisrecords.cl\/wp-content\/uploads\/2020\/11\/Patricio_web.jpg\" alt=\"Patricio Moya\" class=\"wp-image-159\" srcset=\"https:\/\/crisisrecords.cl\/wp-content\/uploads\/2020\/11\/Patricio_web.jpg 378w, https:\/\/crisisrecords.cl\/wp-content\/uploads\/2020\/11\/Patricio_web-192x300.jpg 192w\" sizes=\"auto, (max-width: 378px) 100vw, 378px\" \/><figcaption class=\"wp-element-caption\">Patricio<\/figcaption><\/figure>\n\n\n\n<figure class=\"wp-block-image size-large\"><img loading=\"lazy\" decoding=\"async\" width=\"394\" height=\"591\" data-id=\"154\" src=\"https:\/\/crisisrecords.cl\/wp-content\/uploads\/2020\/11\/MD_1996_web.jpg\" alt=\"Miradas &amp; Doncellas\" class=\"wp-image-154\" srcset=\"https:\/\/crisisrecords.cl\/wp-content\/uploads\/2020\/11\/MD_1996_web.jpg 394w, https:\/\/crisisrecords.cl\/wp-content\/uploads\/2020\/11\/MD_1996_web-200x300.jpg 200w\" sizes=\"auto, (max-width: 394px) 100vw, 394px\" \/><figcaption class=\"wp-element-caption\">Alejandro, Tonko y Rodrigo<\/figcaption><\/figure>\n\n\n\n<figure class=\"wp-block-image size-large\"><img loading=\"lazy\" decoding=\"async\" width=\"319\" height=\"219\" data-id=\"155\" src=\"https:\/\/crisisrecords.cl\/wp-content\/uploads\/2020\/11\/TITO-04.jpg\" alt=\"Miradas y Doncellas\" class=\"wp-image-155\" srcset=\"https:\/\/crisisrecords.cl\/wp-content\/uploads\/2020\/11\/TITO-04.jpg 319w, https:\/\/crisisrecords.cl\/wp-content\/uploads\/2020\/11\/TITO-04-300x206.jpg 300w\" sizes=\"auto, (max-width: 319px) 100vw, 319px\" \/><figcaption class=\"wp-element-caption\">Patricio Alejandro Tonko y Rodrigo<\/figcaption><\/figure>\n<\/figure>\n\n\n\n<figure class=\"wp-block-image size-large\"><img loading=\"lazy\" decoding=\"async\" width=\"1024\" height=\"320\" src=\"https:\/\/crisisrecords.cl\/wp-content\/uploads\/2020\/11\/cassette_Miradas_y_Doncellas-1024x320.jpg\" alt=\"\" class=\"wp-image-138\" srcset=\"https:\/\/crisisrecords.cl\/wp-content\/uploads\/2020\/11\/cassette_Miradas_y_Doncellas-1024x320.jpg 1024w, https:\/\/crisisrecords.cl\/wp-content\/uploads\/2020\/11\/cassette_Miradas_y_Doncellas-300x94.jpg 300w, https:\/\/crisisrecords.cl\/wp-content\/uploads\/2020\/11\/cassette_Miradas_y_Doncellas-768x240.jpg 768w, https:\/\/crisisrecords.cl\/wp-content\/uploads\/2020\/11\/cassette_Miradas_y_Doncellas-1536x480.jpg 1536w, https:\/\/crisisrecords.cl\/wp-content\/uploads\/2020\/11\/cassette_Miradas_y_Doncellas.jpg 1626w\" sizes=\"auto, (max-width: 1024px) 100vw, 1024px\" \/><\/figure>\n","protected":false},"excerpt":{"rendered":"<p>Artista: Miradas &amp; DoncellasT\u00edtulo: MYDFecha edici\u00f3n: 11\/1995Formato: CassetteGrabaci\u00f3n: Enero y Febrero de 1995 en Estudio 2MMezcla: Marzo a Junio de 1995 en Estudio 2MGrabaci\u00f3n y mezcla por Patricio Moya, excepto &#8220;Por \u00faltima vez&#8221; mezclado por Sergio Moya, grabaciones y mezclas adicionales por Alejandro Miranda y Tonko YutronicMasterizaci\u00f3n: Julio de 1995 por Juan Pablo Labra en <a href=\"https:\/\/crisisrecords.cl\/?page_id=152\" class=\"more-link\">&#8230;<span class=\"screen-reader-text\">  M Y D &#8211; Miradas &#038; Doncellas<\/span><\/a><\/p>\n","protected":false},"author":1,"featured_media":0,"parent":70,"menu_order":3,"comment_status":"closed","ping_status":"closed","template":"","meta":{"footnotes":""},"class_list":["post-152","page","type-page","status-publish","hentry"],"_links":{"self":[{"href":"https:\/\/crisisrecords.cl\/index.php?rest_route=\/wp\/v2\/pages\/152","targetHints":{"allow":["GET"]}}],"collection":[{"href":"https:\/\/crisisrecords.cl\/index.php?rest_route=\/wp\/v2\/pages"}],"about":[{"href":"https:\/\/crisisrecords.cl\/index.php?rest_route=\/wp\/v2\/types\/page"}],"author":[{"embeddable":true,"href":"https:\/\/crisisrecords.cl\/index.php?rest_route=\/wp\/v2\/users\/1"}],"replies":[{"embeddable":true,"href":"https:\/\/crisisrecords.cl\/index.php?rest_route=%2Fwp%2Fv2%2Fcomments&post=152"}],"version-history":[{"count":10,"href":"https:\/\/crisisrecords.cl\/index.php?rest_route=\/wp\/v2\/pages\/152\/revisions"}],"predecessor-version":[{"id":741,"href":"https:\/\/crisisrecords.cl\/index.php?rest_route=\/wp\/v2\/pages\/152\/revisions\/741"}],"up":[{"embeddable":true,"href":"https:\/\/crisisrecords.cl\/index.php?rest_route=\/wp\/v2\/pages\/70"}],"wp:attachment":[{"href":"https:\/\/crisisrecords.cl\/index.php?rest_route=%2Fwp%2Fv2%2Fmedia&parent=152"}],"curies":[{"name":"wp","href":"https:\/\/api.w.org\/{rel}","templated":true}]}}