{"id":234,"date":"2020-11-30T15:56:36","date_gmt":"2020-11-30T18:56:36","guid":{"rendered":"https:\/\/crisisrecords.cl\/?page_id=234"},"modified":"2020-11-30T15:56:36","modified_gmt":"2020-11-30T18:56:36","slug":"1996-01-12-zona-de-contacto-arteknnia","status":"publish","type":"page","link":"https:\/\/crisisrecords.cl\/?page_id=234","title":{"rendered":"1996\/01\/12  Zona de Contacto- Arteknnia"},"content":{"rendered":"\n<figure class=\"wp-block-table\"><table><tbody><tr><td><strong>Diario El Mercurio<br>Viernes, 12 de Enero de 1996<br><\/strong><br>Revista <strong>Zona de Contacto<\/strong><br>Autor : Sergio Lagos<br>P\u00e1gina : 009<br><br><strong>ARTEKNNIA<\/strong><br>A los 14 a\u00f1os, en 1985, Alejandro Albornoz (voz) escribi\u00f3 Ciudatek , un cuento de ciencia ficci\u00f3n que transcurre en una gran metr\u00f3polis imperial del siglo 21. Con esta ciudad, de alg\u00fan modo se inicia la historia de Arteknnia, el grupo m\u00e1s famoso, odiado y contradictorio de la m\u00fasica tecno nacional.<br>Gracias a Ciudatek , Alejandro se hizo relativamente conocido entre un grupo de amantes de los c\u00f3mics de su colegio. A trav\u00e9s de este camino, conoci\u00f3 a Mario Aguilar (tecladista), un chico de 12 a\u00f1os que le propuso formar una banda y musicalizar su historia. Durante el primer per\u00edodo de nuestra m\u00fasica (1985-1990), s\u00f3lo experiment\u00e1bamos con sonidos. No ten\u00edamos un concepto m\u00e1s amplio que nuestras vagas ideas respecto al futuro , cuenta Mario.<br>Tres a\u00f1os m\u00e1s tarde, entra a engrosar las filas de la banda Fabi Gonz\u00e1lez (guitarra). Con \u00e9l comienza un per\u00edodo de mayor complejidad y elaboraci\u00f3n en la creaci\u00f3n de su m\u00fasica. Desde el 90 al 93 crecimos enormemente, ampliamos nuestro concepto desde la ciudad y el futuro hasta el sexo , cuenta Alejandro. Y aunque parezca para la risa, es cierto. En las letras de Arteknnia hay una gran dosis de mensajes velados y oscuros en relaci\u00f3n a este tema. El 93 desaparecimos. No realizamos m\u00e1s recitales y s\u00f3lo nos dedicamos a la composici\u00f3n. A esas alturas, el p\u00fablico de la m\u00fasica tecno comenz\u00f3 a odiarnos , explica Fabi.<br>En esos d\u00edas el sonido de la m\u00fasica electr\u00f3nica ya hab\u00eda entrado en otra etapa de evoluci\u00f3n. El trans, el abstract y el ambient comenzaban a cobrar terreno, y dentro de este nuevo orden, el sonido casi setentoide de Arteknnia definitivamente estaba quedando al margen. Nunca hemos compuesto siguiendo alg\u00fan estilo, la tendencia o la moda, s\u00f3lo seguimos nuestro propio dictamen interno , se\u00f1alan los integrantes de la banda.<br>Esta \u00faltima opini\u00f3n es muy respetable, pero el problema de Arteknnia no est\u00e1 en la temporalidad de su m\u00fasica, sino en su falta de coherencia interna. Los tres m\u00fasicos s\u00f3lo logran cerrar el c\u00edrculo de su sonido en algunos pocos momentos. La mayor\u00eda del tiempo, s\u00f3lo son tres voces cantando sus propias melod\u00edas.<br>En estos d\u00edas, Arteknnia prepara material para un nuevo LP y comienza la difusi\u00f3n de su primer disco recopilatorio. <br><br>Su nombre: La Ultima Tierra. <br>Sello discogr\u00e1fico: Crisis. <br>Su mejor tema: Tel\u00farica .<br>Ficha T\u00e9cnica<br>D\u00f3nde ubicarlos: Casilla 101 37-21, Santiago.<br>Cu\u00e1nto cobran: Desde $0 a $150.000.<br>Para las tocatas necesitan: cajas directas.<\/td><\/tr><\/tbody><\/table><\/figure>\n","protected":false},"excerpt":{"rendered":"<p>Diario El MercurioViernes, 12 de Enero de 1996Revista Zona de ContactoAutor : Sergio LagosP\u00e1gina : 009 ARTEKNNIAA los 14 a\u00f1os, en 1985, Alejandro Albornoz (voz) escribi\u00f3 Ciudatek , un cuento de ciencia ficci\u00f3n que transcurre en una gran metr\u00f3polis imperial del siglo 21. Con esta ciudad, de alg\u00fan modo se inicia la historia de Arteknnia, <a href=\"https:\/\/crisisrecords.cl\/?page_id=234\" class=\"more-link\">&#8230;<span class=\"screen-reader-text\">  1996\/01\/12  Zona de Contacto- Arteknnia<\/span><\/a><\/p>\n","protected":false},"author":1,"featured_media":0,"parent":240,"menu_order":0,"comment_status":"closed","ping_status":"closed","template":"","meta":{"footnotes":""},"class_list":["post-234","page","type-page","status-publish","hentry"],"_links":{"self":[{"href":"https:\/\/crisisrecords.cl\/index.php?rest_route=\/wp\/v2\/pages\/234","targetHints":{"allow":["GET"]}}],"collection":[{"href":"https:\/\/crisisrecords.cl\/index.php?rest_route=\/wp\/v2\/pages"}],"about":[{"href":"https:\/\/crisisrecords.cl\/index.php?rest_route=\/wp\/v2\/types\/page"}],"author":[{"embeddable":true,"href":"https:\/\/crisisrecords.cl\/index.php?rest_route=\/wp\/v2\/users\/1"}],"replies":[{"embeddable":true,"href":"https:\/\/crisisrecords.cl\/index.php?rest_route=%2Fwp%2Fv2%2Fcomments&post=234"}],"version-history":[{"count":3,"href":"https:\/\/crisisrecords.cl\/index.php?rest_route=\/wp\/v2\/pages\/234\/revisions"}],"predecessor-version":[{"id":239,"href":"https:\/\/crisisrecords.cl\/index.php?rest_route=\/wp\/v2\/pages\/234\/revisions\/239"}],"up":[{"embeddable":true,"href":"https:\/\/crisisrecords.cl\/index.php?rest_route=\/wp\/v2\/pages\/240"}],"wp:attachment":[{"href":"https:\/\/crisisrecords.cl\/index.php?rest_route=%2Fwp%2Fv2%2Fmedia&parent=234"}],"curies":[{"name":"wp","href":"https:\/\/api.w.org\/{rel}","templated":true}]}}