{"id":240,"date":"2020-11-30T15:48:39","date_gmt":"2020-11-30T18:48:39","guid":{"rendered":"https:\/\/crisisrecords.cl\/?page_id=240"},"modified":"2026-03-16T03:32:44","modified_gmt":"2026-03-16T06:32:44","slug":"prensa","status":"publish","type":"page","link":"https:\/\/crisisrecords.cl\/?page_id=240","title":{"rendered":"Prensa"},"content":{"rendered":"\n<div class=\"wp-block-media-text is-stacked-on-mobile\"><figure class=\"wp-block-media-text__media\"><img loading=\"lazy\" decoding=\"async\" width=\"1024\" height=\"677\" src=\"https:\/\/crisisrecords.cl\/wp-content\/uploads\/2026\/03\/1993_12_17_2cv6_La_Grieta_ch-1024x677.jpg\" alt=\"\" class=\"wp-image-734 size-full\" srcset=\"https:\/\/crisisrecords.cl\/wp-content\/uploads\/2026\/03\/1993_12_17_2cv6_La_Grieta_ch-1024x677.jpg 1024w, https:\/\/crisisrecords.cl\/wp-content\/uploads\/2026\/03\/1993_12_17_2cv6_La_Grieta_ch-300x198.jpg 300w, https:\/\/crisisrecords.cl\/wp-content\/uploads\/2026\/03\/1993_12_17_2cv6_La_Grieta_ch.jpg 1772w\" sizes=\"auto, (max-width: 1024px) 100vw, 1024px\" \/><\/figure><div class=\"wp-block-media-text__content\">\n<p><strong>Crisis Records<\/strong> se establece como sello discogr\u00e1fico oficialmente el 30 de junio de 1995, fecha en que aparece el \u00e1lbum recopilatorio de <strong>2CV6<\/strong> &#8220;DIM&#8221;.  <br>Este trabajo es el resultado de tres a\u00f1os de conocerse y luego desarrollar ideas entre los integrantes de 2CV6 y H\u00e9ctor Aguirre. El a\u00f1o 1993 se suma Arteknnia y el &#8217;94 Miradas y Doncellas. <\/p>\n<\/div><\/div>\n\n\n\n<p><\/p>\n\n\n\n<div class=\"wp-block-media-text has-media-on-the-right is-stacked-on-mobile\"><div class=\"wp-block-media-text__content\">\n<p>Entre todos estos actores  se organizaron reuniones, ensayos, tocatas, intercambio de m\u00fasica, grabaciones, promociones. <br>Organizando en agosto de 1994 un evento en el cual todos participaron. 2CV6 y Miradas &amp; Doncellas tocando en vivo, Mario y Alejandro de Arteknnia como DJ&#8217;s en la fiesta posterior, Sergio Moya (hermano de Patricio de M&amp;D) en el sonido y amplificaci\u00f3n y usando como productora el nombre de Crisis, que ya se ven\u00eda usando desde hac\u00eda un tiempo.<br>Este vendr\u00eda a ser el puntapi\u00e9 inicial en cuanto a producci\u00f3n. Meses despu\u00e9s en diciembre entramos al estudio a grabar, respaldar, traspasar el material de 2CV6. A comienzos de 1995 Miradas &amp; Doncellas entran a grabar la primera producci\u00f3n 100% hecha con el proposito de convertirse en un disco. Luego vendr\u00edan los planes de Arteknnia que eran editar un Ep con las grabaciones que se ten\u00edan mientras se pre produc\u00eda un \u00e1lbum. <\/p>\n<\/div><figure class=\"wp-block-media-text__media\"><img loading=\"lazy\" decoding=\"async\" width=\"746\" height=\"1024\" src=\"https:\/\/crisisrecords.cl\/wp-content\/uploads\/2026\/03\/1994_08_2CV6_MD_web_2026_1-746x1024.jpg\" alt=\"\" class=\"wp-image-744 size-full\" srcset=\"https:\/\/crisisrecords.cl\/wp-content\/uploads\/2026\/03\/1994_08_2CV6_MD_web_2026_1-746x1024.jpg 746w, https:\/\/crisisrecords.cl\/wp-content\/uploads\/2026\/03\/1994_08_2CV6_MD_web_2026_1-219x300.jpg 219w, https:\/\/crisisrecords.cl\/wp-content\/uploads\/2026\/03\/1994_08_2CV6_MD_web_2026_1.jpg 1377w\" sizes=\"auto, (max-width: 746px) 100vw, 746px\" \/><\/figure><\/div>\n\n\n\n<p><strong><a href=\"https:\/\/crisisrecords.cl\/?page_id=70\">Discos Publicados<\/a><\/strong><\/p>\n\n\n\n<figure class=\"wp-block-table\"><table><tbody><tr><td><strong><a href=\"https:\/\/crisisrecords.cl\/?page_id=249\">03\/sep\/1993 <\/a><\/strong><\/td><td><strong><a href=\"https:\/\/crisisrecords.cl\/?page_id=249\">Revista Wiken<\/a><\/strong><\/td><td><\/td><td>Santiago, Chile<\/td><td>Arteknnia<\/td><\/tr><tr><td><strong><a href=\"https:\/\/crisisrecords.cl\/?page_id=371\">Julio 1995<\/a><\/strong><\/td><td><strong><a href=\"https:\/\/crisisrecords.cl\/?page_id=371\">Revista Rock &amp; Pop<\/a><\/strong><\/td><td>N\u00b0 14<\/td><td>Santiago, Chile<\/td><td>2CV6<\/td><\/tr><tr><td><a href=\"https:\/\/crisisrecords.cl\/?page_id=329\"><strong>1996<\/strong><\/a><\/td><td><a href=\"https:\/\/crisisrecords.cl\/?page_id=329\"><strong>Revista SELF<\/strong><\/a><\/td><td>N\u00b0 7<\/td><td>Barcelona, Espa\u00f1a<\/td><td>Crisis Records, 2CV6, Arteknnia, M&amp;D, Kampf, Halugar &#8211; 128 Bajo<\/td><\/tr><tr><td><strong><a href=\"https:\/\/crisisrecords.cl\/?page_id=403\">Enero 1996<\/a><\/strong><\/td><td><strong><a href=\"https:\/\/crisisrecords.cl\/?page_id=403\">Revista Extravaganza!<\/a><\/strong><\/td><td>N\u00b0 27<\/td><td>Santiago, Chile<\/td><td>Lo mejor de 1995<\/td><\/tr><tr><td><a style=\"font-weight: bold;\" href=\"https:\/\/crisisrecords.cl\/?page_id=234\">12\/Ene\/1996<\/a><\/td><td><strong><a href=\"https:\/\/crisisrecords.cl\/?page_id=234\">Revista Zona de Contacto<\/a><\/strong><\/td><td><\/td><td>Santiago, Chile<\/td><td>Arteknnia<\/td><\/tr><tr><td><strong><a href=\"https:\/\/crisisrecords.cl\/?page_id=359\">Junio 1996<\/a><\/strong><\/td><td><strong><a href=\"https:\/\/crisisrecords.cl\/?page_id=359\">Fanzine Ruidos Alternativos<\/a><\/strong><\/td><td>N\u00b0 15<\/td><td>Sao Paulo, Brasil<\/td><td>Crisis Records, 2CV6 y Arteknnia<\/td><\/tr><tr><td><strong><a href=\"https:\/\/crisisrecords.cl\/?page_id=348\">Enero 1997<\/a><\/strong><\/td><td><strong><a href=\"https:\/\/crisisrecords.cl\/?page_id=348\">Revista Caleta<\/a><\/strong><\/td><td>N\u00b0 13<\/td><td>Lima, Per\u00fa<\/td><td>2CV6<\/td><\/tr><tr><td><strong><a href=\"https:\/\/crisisrecords.cl\/?page_id=351\">Febrero 1997<\/a><\/strong><\/td><td><strong><a href=\"https:\/\/crisisrecords.cl\/?page_id=351\">Fanzine<\/a><\/strong> <strong><a href=\"https:\/\/crisisrecords.cl\/?page_id=351\">Ruidos Alternativos<\/a> <\/strong><\/td><td>N\u00b0 16<\/td><td>Sao Paulo, Brasil<\/td><td>2CV6, Arteknnia y Miradas &amp; Doncellas<\/td><\/tr><\/tbody><\/table><\/figure>\n\n\n\n<figure class=\"wp-block-embed is-type-rich is-provider-spotify wp-block-embed-spotify wp-embed-aspect-21-9 wp-has-aspect-ratio\"><div class=\"wp-block-embed__wrapper\">\n<iframe title=\"Spotify Embed: Publicaciones de Crisis Records\" style=\"border-radius: 12px\" width=\"100%\" height=\"352\" frameborder=\"0\" allowfullscreen allow=\"autoplay; clipboard-write; encrypted-media; fullscreen; picture-in-picture\" loading=\"lazy\" src=\"https:\/\/open.spotify.com\/embed\/playlist\/4l2cqLPx2r4Pd6MckfPCeG?si=28019d72b85746b8&amp;utm_source=oembed\"><\/iframe>\n<\/div><\/figure>\n\n\n\n<p><\/p>\n","protected":false},"excerpt":{"rendered":"<p>Crisis Records se establece como sello discogr\u00e1fico oficialmente el 30 de junio de 1995, fecha en que aparece el \u00e1lbum recopilatorio de 2CV6 &#8220;DIM&#8221;. Este trabajo es el resultado de tres a\u00f1os de conocerse y luego desarrollar ideas entre los integrantes de 2CV6 y H\u00e9ctor Aguirre. El a\u00f1o 1993 se suma Arteknnia y el &#8217;94 <a href=\"https:\/\/crisisrecords.cl\/?page_id=240\" class=\"more-link\">&#8230;<span class=\"screen-reader-text\">  Prensa<\/span><\/a><\/p>\n","protected":false},"author":1,"featured_media":0,"parent":0,"menu_order":0,"comment_status":"closed","ping_status":"closed","template":"","meta":{"footnotes":""},"class_list":["post-240","page","type-page","status-publish","hentry"],"_links":{"self":[{"href":"https:\/\/crisisrecords.cl\/index.php?rest_route=\/wp\/v2\/pages\/240","targetHints":{"allow":["GET"]}}],"collection":[{"href":"https:\/\/crisisrecords.cl\/index.php?rest_route=\/wp\/v2\/pages"}],"about":[{"href":"https:\/\/crisisrecords.cl\/index.php?rest_route=\/wp\/v2\/types\/page"}],"author":[{"embeddable":true,"href":"https:\/\/crisisrecords.cl\/index.php?rest_route=\/wp\/v2\/users\/1"}],"replies":[{"embeddable":true,"href":"https:\/\/crisisrecords.cl\/index.php?rest_route=%2Fwp%2Fv2%2Fcomments&post=240"}],"version-history":[{"count":10,"href":"https:\/\/crisisrecords.cl\/index.php?rest_route=\/wp\/v2\/pages\/240\/revisions"}],"predecessor-version":[{"id":867,"href":"https:\/\/crisisrecords.cl\/index.php?rest_route=\/wp\/v2\/pages\/240\/revisions\/867"}],"wp:attachment":[{"href":"https:\/\/crisisrecords.cl\/index.php?rest_route=%2Fwp%2Fv2%2Fmedia&parent=240"}],"curies":[{"name":"wp","href":"https:\/\/api.w.org\/{rel}","templated":true}]}}