{"id":257,"date":"2020-11-30T19:06:10","date_gmt":"2020-11-30T22:06:10","guid":{"rendered":"https:\/\/crisisrecords.cl\/?page_id=257"},"modified":"2020-11-30T19:06:10","modified_gmt":"2020-11-30T22:06:10","slug":"c-e-s-en-vivo","status":"publish","type":"page","link":"https:\/\/crisisrecords.cl\/?page_id=257","title":{"rendered":"C.E.S. en vivo"},"content":{"rendered":"\n<p><strong>C.E.S.<\/strong><br>En vivo 09 abril de 2005<br><strong>Festival Suram\u00e9rica Electr\u00f3nica<\/strong><br>A\u00f1o: 2005<br>Participaci\u00f3n del <strong>C.E.S.<\/strong>&nbsp;en el festival on line <strong>Suram\u00e9rica Electr\u00f3nica<\/strong>, evento organizado por los sellos&nbsp;<strong>Microbio Records<\/strong>&nbsp;(M\u00e9rida, Venezuela) y&nbsp;<strong>Discos Invisibles<\/strong>&nbsp;(Tijuana, M\u00e9xico). El C.E.S. desde siempre formado por&nbsp;<strong>Android<\/strong>&nbsp;(Cristian Reyes),&nbsp;<strong>Usted No!<\/strong>&nbsp;(Claudio P\u00e9rez) y&nbsp;<strong>Mankacen<\/strong>&nbsp;(Alejandro Albornoz). Filmado por H\u00e9ctor Aguirre en Suburbia Home, casa donde se hac\u00eda la revista Suburbia en San Joaqu\u00edn, Santiago.<\/p>\n\n\n\n<iframe loading=\"lazy\" width=\"425\" height=\"350\" src=\"https:\/\/www.youtube.com\/embed\/DLsEUFPlULY\" frameborder=\"0\" allow=\"accelerometer; autoplay; clipboard-write; encrypted-media; gyroscope; picture-in-picture\" allowfullscreen=\"\"><\/iframe>\n","protected":false},"excerpt":{"rendered":"<p>C.E.S.En vivo 09 abril de 2005Festival Suram\u00e9rica Electr\u00f3nicaA\u00f1o: 2005Participaci\u00f3n del C.E.S.&nbsp;en el festival on line Suram\u00e9rica Electr\u00f3nica, evento organizado por los sellos&nbsp;Microbio Records&nbsp;(M\u00e9rida, Venezuela) y&nbsp;Discos Invisibles&nbsp;(Tijuana, M\u00e9xico). El C.E.S. desde siempre formado por&nbsp;Android&nbsp;(Cristian Reyes),&nbsp;Usted No!&nbsp;(Claudio P\u00e9rez) y&nbsp;Mankacen&nbsp;(Alejandro Albornoz). Filmado por H\u00e9ctor Aguirre en Suburbia Home, casa donde se hac\u00eda la revista Suburbia en San Joaqu\u00edn, <a href=\"https:\/\/crisisrecords.cl\/?page_id=257\" class=\"more-link\">&#8230;<span class=\"screen-reader-text\">  C.E.S. en vivo<\/span><\/a><\/p>\n","protected":false},"author":1,"featured_media":0,"parent":68,"menu_order":0,"comment_status":"closed","ping_status":"closed","template":"","meta":{"footnotes":""},"class_list":["post-257","page","type-page","status-publish","hentry"],"_links":{"self":[{"href":"https:\/\/crisisrecords.cl\/index.php?rest_route=\/wp\/v2\/pages\/257","targetHints":{"allow":["GET"]}}],"collection":[{"href":"https:\/\/crisisrecords.cl\/index.php?rest_route=\/wp\/v2\/pages"}],"about":[{"href":"https:\/\/crisisrecords.cl\/index.php?rest_route=\/wp\/v2\/types\/page"}],"author":[{"embeddable":true,"href":"https:\/\/crisisrecords.cl\/index.php?rest_route=\/wp\/v2\/users\/1"}],"replies":[{"embeddable":true,"href":"https:\/\/crisisrecords.cl\/index.php?rest_route=%2Fwp%2Fv2%2Fcomments&post=257"}],"version-history":[{"count":3,"href":"https:\/\/crisisrecords.cl\/index.php?rest_route=\/wp\/v2\/pages\/257\/revisions"}],"predecessor-version":[{"id":262,"href":"https:\/\/crisisrecords.cl\/index.php?rest_route=\/wp\/v2\/pages\/257\/revisions\/262"}],"up":[{"embeddable":true,"href":"https:\/\/crisisrecords.cl\/index.php?rest_route=\/wp\/v2\/pages\/68"}],"wp:attachment":[{"href":"https:\/\/crisisrecords.cl\/index.php?rest_route=%2Fwp%2Fv2%2Fmedia&parent=257"}],"curies":[{"name":"wp","href":"https:\/\/api.w.org\/{rel}","templated":true}]}}