{"id":268,"date":"2020-12-01T02:27:37","date_gmt":"2020-12-01T05:27:37","guid":{"rendered":"https:\/\/crisisrecords.cl\/?page_id=268"},"modified":"2020-12-01T02:27:37","modified_gmt":"2020-12-01T05:27:37","slug":"halugar-128-bajo-manipulacion","status":"publish","type":"page","link":"https:\/\/crisisrecords.cl\/?page_id=268","title":{"rendered":"Halugar -128 Bajo &#8211; Manipulaci\u00f3n"},"content":{"rendered":"\n<iframe loading=\"lazy\" src=\"https:\/\/player.vimeo.com\/video\/43050588\" width=\"640\" height=\"480\" frameborder=\"0\" allow=\"autoplay; fullscreen\" allowfullscreen=\"\"><\/iframe>\n<p><a href=\"https:\/\/vimeo.com\/43050588\">Halugar Menos 128 Bajo &#8211; Manipulaci\u00f3n<\/a> from <a href=\"https:\/\/vimeo.com\/user11920119\">crisisrecords<\/a> on <a href=\"https:\/\/vimeo.com\">Vimeo<\/a>.<\/p>\n\n\n\n<p><strong>Halugar Menos 128 Bajo<\/strong><br>Tema: Manipulaci\u00f3n<br>Album: Olranigaminis<br>A\u00f1o: 1996<br>Director:<br><\/p>\n","protected":false},"excerpt":{"rendered":"<p>Halugar Menos 128 Bajo &#8211; Manipulaci\u00f3n from crisisrecords on Vimeo. Halugar Menos 128 BajoTema: Manipulaci\u00f3nAlbum: OlranigaminisA\u00f1o: 1996Director:<\/p>\n","protected":false},"author":1,"featured_media":0,"parent":68,"menu_order":0,"comment_status":"closed","ping_status":"closed","template":"","meta":{"footnotes":""},"class_list":["post-268","page","type-page","status-publish","hentry"],"_links":{"self":[{"href":"https:\/\/crisisrecords.cl\/index.php?rest_route=\/wp\/v2\/pages\/268","targetHints":{"allow":["GET"]}}],"collection":[{"href":"https:\/\/crisisrecords.cl\/index.php?rest_route=\/wp\/v2\/pages"}],"about":[{"href":"https:\/\/crisisrecords.cl\/index.php?rest_route=\/wp\/v2\/types\/page"}],"author":[{"embeddable":true,"href":"https:\/\/crisisrecords.cl\/index.php?rest_route=\/wp\/v2\/users\/1"}],"replies":[{"embeddable":true,"href":"https:\/\/crisisrecords.cl\/index.php?rest_route=%2Fwp%2Fv2%2Fcomments&post=268"}],"version-history":[{"count":2,"href":"https:\/\/crisisrecords.cl\/index.php?rest_route=\/wp\/v2\/pages\/268\/revisions"}],"predecessor-version":[{"id":326,"href":"https:\/\/crisisrecords.cl\/index.php?rest_route=\/wp\/v2\/pages\/268\/revisions\/326"}],"up":[{"embeddable":true,"href":"https:\/\/crisisrecords.cl\/index.php?rest_route=\/wp\/v2\/pages\/68"}],"wp:attachment":[{"href":"https:\/\/crisisrecords.cl\/index.php?rest_route=%2Fwp%2Fv2%2Fmedia&parent=268"}],"curies":[{"name":"wp","href":"https:\/\/api.w.org\/{rel}","templated":true}]}}