{"id":297,"date":"2020-12-01T01:41:46","date_gmt":"2020-12-01T04:41:46","guid":{"rendered":"https:\/\/crisisrecords.cl\/?page_id=297"},"modified":"2020-12-08T03:05:11","modified_gmt":"2020-12-08T06:05:11","slug":"arteknnia-ceremonia-leal","status":"publish","type":"page","link":"https:\/\/crisisrecords.cl\/?page_id=297","title":{"rendered":"Arteknnia &#8211; Ceremonia Leal"},"content":{"rendered":"\n<iframe loading=\"lazy\" width=\"560\" height=\"315\" src=\"https:\/\/www.youtube.com\/embed\/CnmRfiIfzdA\" frameborder=\"0\" allow=\"accelerometer; autoplay; clipboard-write; encrypted-media; gyroscope; picture-in-picture\" allowfullscreen=\"\"><\/iframe>\n\n\n\n<p><strong>Arteknnia<\/strong><br>Tema: Ceremonia Leal<br>Album: La Ultima Tierra<br>Fecha: 10\/12\/1995<br>Programa Hot Music, Canal 4 La Red<br><br>Esta presentaci\u00f3n a la larga ser\u00eda la \u00faltima de Arteknnia antes de disolverse meses despu\u00e9s.<\/p>\n","protected":false},"excerpt":{"rendered":"<p>ArteknniaTema: Ceremonia LealAlbum: La Ultima TierraFecha: 10\/12\/1995Programa Hot Music, Canal 4 La Red Esta presentaci\u00f3n a la larga ser\u00eda la \u00faltima de Arteknnia antes de disolverse meses despu\u00e9s.<\/p>\n","protected":false},"author":1,"featured_media":0,"parent":68,"menu_order":0,"comment_status":"closed","ping_status":"closed","template":"","meta":{"footnotes":""},"class_list":["post-297","page","type-page","status-publish","hentry"],"_links":{"self":[{"href":"https:\/\/crisisrecords.cl\/index.php?rest_route=\/wp\/v2\/pages\/297","targetHints":{"allow":["GET"]}}],"collection":[{"href":"https:\/\/crisisrecords.cl\/index.php?rest_route=\/wp\/v2\/pages"}],"about":[{"href":"https:\/\/crisisrecords.cl\/index.php?rest_route=\/wp\/v2\/types\/page"}],"author":[{"embeddable":true,"href":"https:\/\/crisisrecords.cl\/index.php?rest_route=\/wp\/v2\/users\/1"}],"replies":[{"embeddable":true,"href":"https:\/\/crisisrecords.cl\/index.php?rest_route=%2Fwp%2Fv2%2Fcomments&post=297"}],"version-history":[{"count":4,"href":"https:\/\/crisisrecords.cl\/index.php?rest_route=\/wp\/v2\/pages\/297\/revisions"}],"predecessor-version":[{"id":382,"href":"https:\/\/crisisrecords.cl\/index.php?rest_route=\/wp\/v2\/pages\/297\/revisions\/382"}],"up":[{"embeddable":true,"href":"https:\/\/crisisrecords.cl\/index.php?rest_route=\/wp\/v2\/pages\/68"}],"wp:attachment":[{"href":"https:\/\/crisisrecords.cl\/index.php?rest_route=%2Fwp%2Fv2%2Fmedia&parent=297"}],"curies":[{"name":"wp","href":"https:\/\/api.w.org\/{rel}","templated":true}]}}