{"id":304,"date":"2020-12-01T01:54:51","date_gmt":"2020-12-01T04:54:51","guid":{"rendered":"https:\/\/crisisrecords.cl\/?page_id=304"},"modified":"2020-12-01T01:54:51","modified_gmt":"2020-12-01T04:54:51","slug":"automatique-orange","status":"publish","type":"page","link":"https:\/\/crisisrecords.cl\/?page_id=304","title":{"rendered":"Automatique &#8211; Orange"},"content":{"rendered":"\n<iframe loading=\"lazy\" src=\"https:\/\/player.vimeo.com\/video\/43088095\" width=\"640\" height=\"360\" frameborder=\"0\" allow=\"autoplay; fullscreen\" allowfullscreen><\/iframe>\n<p><a href=\"https:\/\/vimeo.com\/43088095\">Automatique<\/a> from <a href=\"https:\/\/vimeo.com\/user11920119\">crisisrecords<\/a> on <a href=\"https:\/\/vimeo.com\">Vimeo<\/a>.<\/p>\n\n\n\n<p><strong>Automatique<\/strong><br>Presentaci\u00f3n + Orange<br>Grabado en vivo en Sala SCD Vespucio<br>Visuales: Marco Mart\u00ednez<br>Grabaci\u00f3n: H\u00e9ctor Aguirre y Janine Contreras<br>Edici\u00f3n: H\u00e9ctor Aguirre<br>Mayo 2012<br>Tema inclu\u00eddo en ep 304<br><\/p>\n","protected":false},"excerpt":{"rendered":"<p>Automatique from crisisrecords on Vimeo. AutomatiquePresentaci\u00f3n + OrangeGrabado en vivo en Sala SCD VespucioVisuales: Marco Mart\u00ednezGrabaci\u00f3n: H\u00e9ctor Aguirre y Janine ContrerasEdici\u00f3n: H\u00e9ctor AguirreMayo 2012Tema inclu\u00eddo en ep 304<\/p>\n","protected":false},"author":1,"featured_media":0,"parent":68,"menu_order":0,"comment_status":"closed","ping_status":"closed","template":"","meta":{"footnotes":""},"class_list":["post-304","page","type-page","status-publish","hentry"],"_links":{"self":[{"href":"https:\/\/crisisrecords.cl\/index.php?rest_route=\/wp\/v2\/pages\/304","targetHints":{"allow":["GET"]}}],"collection":[{"href":"https:\/\/crisisrecords.cl\/index.php?rest_route=\/wp\/v2\/pages"}],"about":[{"href":"https:\/\/crisisrecords.cl\/index.php?rest_route=\/wp\/v2\/types\/page"}],"author":[{"embeddable":true,"href":"https:\/\/crisisrecords.cl\/index.php?rest_route=\/wp\/v2\/users\/1"}],"replies":[{"embeddable":true,"href":"https:\/\/crisisrecords.cl\/index.php?rest_route=%2Fwp%2Fv2%2Fcomments&post=304"}],"version-history":[{"count":2,"href":"https:\/\/crisisrecords.cl\/index.php?rest_route=\/wp\/v2\/pages\/304\/revisions"}],"predecessor-version":[{"id":306,"href":"https:\/\/crisisrecords.cl\/index.php?rest_route=\/wp\/v2\/pages\/304\/revisions\/306"}],"up":[{"embeddable":true,"href":"https:\/\/crisisrecords.cl\/index.php?rest_route=\/wp\/v2\/pages\/68"}],"wp:attachment":[{"href":"https:\/\/crisisrecords.cl\/index.php?rest_route=%2Fwp%2Fv2%2Fmedia&parent=304"}],"curies":[{"name":"wp","href":"https:\/\/api.w.org\/{rel}","templated":true}]}}