{"id":388,"date":"2020-12-08T14:16:18","date_gmt":"2020-12-08T17:16:18","guid":{"rendered":"https:\/\/crisisrecords.cl\/?page_id=388"},"modified":"2025-04-11T02:26:11","modified_gmt":"2025-04-11T05:26:11","slug":"tocatas","status":"publish","type":"page","link":"https:\/\/crisisrecords.cl\/?page_id=388","title":{"rendered":"En Vivo"},"content":{"rendered":"\n<figure class=\"wp-block-table is-style-regular\"><table><thead><tr><th class=\"has-text-align-center\" data-align=\"center\"><strong>Fecha<\/strong><\/th><th><strong>Lugar<\/strong><\/th><th class=\"has-text-align-left\" data-align=\"left\"><strong>Bandas<\/strong><\/th><th class=\"has-text-align-center\" data-align=\"center\">Archivo<\/th><\/tr><\/thead><tbody><tr><td class=\"has-text-align-center\" data-align=\"center\"><strong>1989\/06\/17<\/strong><\/td><td><strong>Garage Matucana<\/strong><br>Estaci\u00f3n Central, Santiago<\/td><td class=\"has-text-align-left\" data-align=\"left\"><strong>Arteknnia + Fiscales + Vandalik<\/strong> <strong>+ 8 Bolas<\/strong><br><strong>III Bienal Underground<\/strong><\/td><td class=\"has-text-align-center\" data-align=\"center\"><\/td><\/tr><tr><td class=\"has-text-align-center\" data-align=\"center\"><strong>1990\/04\/21<\/strong><\/td><td>La Pintana<\/td><td class=\"has-text-align-left\" data-align=\"left\"><strong>Arteknnia + Massacre + Fiscales + Ni\u00f1os Mutantes + Viudos de Charlot<\/strong><br>Festival La Pintana Rock<\/td><td class=\"has-text-align-center\" data-align=\"center\"><\/td><\/tr><tr><td class=\"has-text-align-center\" data-align=\"center\"><strong>1990\/05\/04<\/strong><\/td><td>Escuela de Medicina Norte Universidad de Chile<br>Independencia, Santiago<\/td><td class=\"has-text-align-left\" data-align=\"left\"><strong>Arteknnia + Los Fiscales Ad Hoc + 24 Ancianos + Indice de Desempleo<\/strong> <strong>+ Santiago Rebelde + Los Enajenados + EL Grupo de los 10<\/strong><br>Evento <strong>Un Sue\u00f1o Llamado Patria<\/strong> organizado por la Fech (Federaci\u00f3n de Estudiantes de Chile)<\/td><td class=\"has-text-align-center\" data-align=\"center\"><\/td><\/tr><tr><td class=\"has-text-align-center\" data-align=\"center\"><strong>1990<\/strong><\/td><td><strong>Trolley<\/strong><br>Santiago Centro<\/td><td class=\"has-text-align-left\" data-align=\"left\"><strong>2CV6 + Lucybell + Profilacticos + Esclavos de la Perfecci\u00f3n<\/strong><\/td><td class=\"has-text-align-center\" data-align=\"center\"><\/td><\/tr><tr><td class=\"has-text-align-center\" data-align=\"center\"><strong>1990\/12\/07<\/strong><\/td><td>T<strong>rolley<\/strong><br>Santiago centro<\/td><td class=\"has-text-align-left\" data-align=\"left\"><strong>Arteknnia<\/strong> <strong>+ Los G\u00f3ticos<\/strong><\/td><td class=\"has-text-align-center\" data-align=\"center\"><\/td><\/tr><tr><td class=\"has-text-align-center\" data-align=\"center\"><strong>1993\/01\/15<\/strong><\/td><td>Sede Manquehue Banco de Chile<br>Las Condes, Santiago<\/td><td class=\"has-text-align-left\" data-align=\"left\"><strong>Arteknnia<\/strong><br>Campa\u00f1a pro ayuda a Somal\u00eda<\/td><td class=\"has-text-align-center\" data-align=\"center\"><\/td><\/tr><tr><td class=\"has-text-align-center\" data-align=\"center\"><strong>1993\/01\/19<\/strong><\/td><td><strong>Estudio Master Radio Universidad de Chile<\/strong><br>Providencia, Santiago<\/td><td class=\"has-text-align-left\" data-align=\"left\"><strong>Arteknnia<\/strong><br>Grabaci\u00f3n y transmisi\u00f3n para programa <strong>M\u00fasica Marginal<\/strong><\/td><td class=\"has-text-align-center\" data-align=\"center\"><\/td><\/tr><tr><td class=\"has-text-align-center\" data-align=\"center\">1993\/05\/24<\/td><td><strong>Trit\u00f3n Music<\/strong><br>Canal 4 La Red<br>Las Condes, Santiago<\/td><td class=\"has-text-align-left\" data-align=\"left\"><strong>Arteknnia<\/strong><\/td><td class=\"has-text-align-center\" data-align=\"center\"><\/td><\/tr><tr><td class=\"has-text-align-center\" data-align=\"center\">1993\/06\/02<\/td><td><strong>Trit\u00f3n Music<\/strong><br>Canal 4 La Red<br>Las Condes, Santiago<\/td><td class=\"has-text-align-left\" data-align=\"left\"><strong>2CV6<\/strong><\/td><td class=\"has-text-align-center\" data-align=\"center\"><\/td><\/tr><tr><td class=\"has-text-align-center\" data-align=\"center\"><strong>1993\/06<\/strong><\/td><td><strong>Sala Isidora Zegers<\/strong><br>Facultad de Arte Universidad de Chile<br>Santiago<\/td><td class=\"has-text-align-left\" data-align=\"left\"><strong>Miradas y Doncellas<\/strong><\/td><td class=\"has-text-align-center\" data-align=\"center\"><\/td><\/tr><tr><td class=\"has-text-align-center\" data-align=\"center\"><strong>1993\/06<\/strong><\/td><td><strong>Extra Jovenes<\/strong><br>Canal 11 RTU<br>Providencia, Santiago<\/td><td class=\"has-text-align-left\" data-align=\"left\"><strong>Miradas y Doncellas<\/strong><\/td><td class=\"has-text-align-center\" data-align=\"center\"><\/td><\/tr><tr><td class=\"has-text-align-center\" data-align=\"center\"><strong>1993\/08\/05<\/strong><\/td><td><strong>Trit\u00f3n Music<\/strong><br>Canal 4 La Red<br>Las Condes, Santiago<\/td><td class=\"has-text-align-left\" data-align=\"left\"><strong>Arteknnia<\/strong><\/td><td class=\"has-text-align-center\" data-align=\"center\"><\/td><\/tr><tr><td class=\"has-text-align-center\" data-align=\"center\"><strong>1993\/08\/11<\/strong><\/td><td><strong>Rockola<\/strong><br>Bellavista, Santiago<\/td><td class=\"has-text-align-left\" data-align=\"left\"><strong>Arteknnia + Tec Machine<\/strong><br>Primera presentaci\u00f3n de Tec Machine<\/td><td class=\"has-text-align-center\" data-align=\"center\"><\/td><\/tr><tr><td class=\"has-text-align-center\" data-align=\"center\"><strong>1993\/08\/26<\/strong><\/td><td><strong>Pub La Grieta<\/strong><br>Bellavista, Santiago<\/td><td class=\"has-text-align-left\" data-align=\"left\"><strong>Arteknnia<\/strong><\/td><td class=\"has-text-align-center\" data-align=\"center\"><\/td><\/tr><tr><td class=\"has-text-align-center\" data-align=\"center\"><strong>1993\/08\/28<\/strong><\/td><td>Parcela en Pirque<br>Santiago<\/td><td class=\"has-text-align-left\" data-align=\"left\"><strong>2CV6<\/strong><br>Fiesta privada<\/td><td class=\"has-text-align-center\" data-align=\"center\"><\/td><\/tr><tr><td class=\"has-text-align-center\" data-align=\"center\"><strong>1993\/09\/03<\/strong><\/td><td>Liceo Dar\u00edo Salas<br>\u00d1u\u00f1oa, Santiago<\/td><td class=\"has-text-align-left\" data-align=\"left\"><strong>Arteknnia + 2CV6<\/strong><\/td><td class=\"has-text-align-center\" data-align=\"center\"><\/td><\/tr><tr><td class=\"has-text-align-center\" data-align=\"center\"><strong>1993\/09\/04<\/strong><\/td><td>Gimnasio O&#8217;Higgins<br>Barrio Las Rejas, Estaci\u00f3n Central, Santiago<\/td><td class=\"has-text-align-left\" data-align=\"left\"><strong>2CV6<\/strong><\/td><td class=\"has-text-align-center\" data-align=\"center\"><\/td><\/tr><tr><td class=\"has-text-align-center\" data-align=\"center\"><strong>1993\/09<\/strong><\/td><td>Facultad de Medicina Universidad de Chile<\/td><td class=\"has-text-align-left\" data-align=\"left\"><strong>Miradas &amp; Doncellas<\/strong><\/td><td class=\"has-text-align-center\" data-align=\"center\"><\/td><\/tr><tr><td class=\"has-text-align-center\" data-align=\"center\"><strong>1993\/09\/25<\/strong><\/td><td>Liceo Guillermo Gonz\u00e1lez Heinrich<\/td><td class=\"has-text-align-left\" data-align=\"left\"><strong>Arteknnia<\/strong><\/td><td class=\"has-text-align-center\" data-align=\"center\"><\/td><\/tr><tr><td class=\"has-text-align-center\" data-align=\"center\"><strong>1993\/10\/08<\/strong><\/td><td><strong>Facultad de Arquitectura Universidad de Chile<\/strong><br>Barrio Portugal, Santiago<\/td><td class=\"has-text-align-left\" data-align=\"left\"><strong>Arteknnia + Tec Machine + Minimal Technology<\/strong><br>Lanzamiento \u00faltimo n\u00famero revista Anarquitektura<\/td><td class=\"has-text-align-center\" data-align=\"center\"><\/td><\/tr><tr><td class=\"has-text-align-center\" data-align=\"center\"><strong>1993\/10\/11<\/strong><\/td><td><strong>KGB<\/strong><br>Bellavista, Santiago<\/td><td class=\"has-text-align-left\" data-align=\"left\"><strong>Arteknnia + 2CV6<\/strong><br>Concierto Suspendido<\/td><td class=\"has-text-align-center\" data-align=\"center\"><\/td><\/tr><tr><td class=\"has-text-align-center\" data-align=\"center\"><strong>1993\/11\/12<\/strong><\/td><td><strong>Rockola<\/strong><br>Bellavista, Santiago<\/td><td class=\"has-text-align-left\" data-align=\"left\"><strong>Miradas &amp; Doncellas<\/strong><\/td><td class=\"has-text-align-center\" data-align=\"center\"><\/td><\/tr><tr><td class=\"has-text-align-center\" data-align=\"center\"><strong>1993\/11\/13<\/strong><\/td><td><strong>INJ<\/strong><br>Barrio Lastarria, Santiago<\/td><td class=\"has-text-align-left\" data-align=\"left\"><strong>Arteknnia + Brigada Eter<\/strong><br>Lanzamiento tarjeta INJ<\/td><td class=\"has-text-align-center\" data-align=\"center\"><\/td><\/tr><tr><td class=\"has-text-align-center\" data-align=\"center\"><strong>1993\/12\/17<\/strong><\/td><td><strong>Pub La Grieta<\/strong><br>Bellavista, Santiago<\/td><td class=\"has-text-align-left\" data-align=\"left\"><strong>2CV6<\/strong><\/td><td class=\"has-text-align-center\" data-align=\"center\"><\/td><\/tr><tr><td class=\"has-text-align-center\" data-align=\"center\"><strong>1994\/07\/22<\/strong><\/td><td><strong>Under Discoteque<\/strong><br>Bellavista, Santiago<\/td><td class=\"has-text-align-left\" data-align=\"left\"><strong>Miradas &amp; Doncellas + Tercer Subterr\u00e1neo<\/strong><\/td><td class=\"has-text-align-center\" data-align=\"center\"><\/td><\/tr><tr><td class=\"has-text-align-center\" data-align=\"center\"><strong>1994\/08\/26<\/strong><\/td><td><strong>Under Discoteque<\/strong><br>Bellavista, Santiago<\/td><td class=\"has-text-align-left\" data-align=\"left\"><strong>2CV6 + Miradas &amp; Doncellas<\/strong><br>Arteknnia (DJ set) <br>Fiesta Pulsar<\/td><td class=\"has-text-align-center\" data-align=\"center\"><\/td><\/tr><tr><td class=\"has-text-align-center\" data-align=\"center\"><strong>1994\/09\/16<\/strong><\/td><td><strong>Rockola<\/strong><br>Bellavista, Santiago<\/td><td class=\"has-text-align-left\" data-align=\"left\"><strong>2CV6<\/strong><\/td><td class=\"has-text-align-center\" data-align=\"center\"><\/td><\/tr><tr><td class=\"has-text-align-center\" data-align=\"center\"><strong>1994\/11\/04<\/strong><\/td><td><strong>Rockola<\/strong><br>Bellavista, Santiago<\/td><td class=\"has-text-align-left\" data-align=\"left\"><strong>Arteknnia<\/strong> + Testimonio Rojo<br>Fiesta Proyecto Akira<\/td><td class=\"has-text-align-center\" data-align=\"center\"><\/td><\/tr><tr><td class=\"has-text-align-center\" data-align=\"center\">1<strong>994\/11\/11<\/strong><\/td><td><strong>Loft Discotheque<\/strong><br>Bellavista, Santiago<\/td><td class=\"has-text-align-left\" data-align=\"left\">Mario Aguilar + Rodrigo Castro<\/td><td class=\"has-text-align-center\" data-align=\"center\"><\/td><\/tr><tr><td class=\"has-text-align-center\" data-align=\"center\"><strong>1995\/07\/07<\/strong><\/td><td><strong>Blondie<\/strong><br>Santiago<\/td><td class=\"has-text-align-left\" data-align=\"left\"><strong>Miradas y Doncellas<\/strong> + <strong>Tercer Subterr\u00e1neo<\/strong><br>Fiesta Ciber\u00f3tica<\/td><td class=\"has-text-align-center\" data-align=\"center\"><a href=\"https:\/\/crisisrecords.cl\/wp-content\/uploads\/2025\/04\/1995_07_MD_web.jpg\">Afiche<\/a><\/td><\/tr><tr><td class=\"has-text-align-center\" data-align=\"center\"><strong>1995\/08\/19<\/strong><\/td><td><strong>Viva Zeta<\/strong><br>Canal 2 Rock &amp; Pop<br>Providencia, Santiago<\/td><td class=\"has-text-align-left\" data-align=\"left\"><strong>Arteknnia<\/strong><br>Interpretan 4 temas en vivo m\u00e1s una entrevista<\/td><td class=\"has-text-align-center\" data-align=\"center\"><a href=\"https:\/\/crisisrecords.cl\/?page_id=295\">Video<\/a><br><a href=\"https:\/\/crisisrecords.cl\/wp-content\/uploads\/2025\/04\/1995_08_19_Arteknnia_2.jpg\">Entrada<\/a><\/td><\/tr><tr><td class=\"has-text-align-center\" data-align=\"center\"><strong>1995\/11\/03<\/strong><\/td><td>Gimnasio Municipal<br>Macul<\/td><td class=\"has-text-align-left\" data-align=\"left\"><strong>Arteknnia<\/strong><\/td><td class=\"has-text-align-center\" data-align=\"center\"><\/td><\/tr><tr><td class=\"has-text-align-center\" data-align=\"center\"><strong>1995\/11\/03<\/strong><\/td><td><strong>Rockola<\/strong><br>Bellavista, Santiago<\/td><td class=\"has-text-align-left\" data-align=\"left\"><strong>Arteknnia<\/strong> + <strong>Miradas &amp; Doncellas<\/strong><br>Lanzamiento cassettes La \u00daltima Tierra y MyD<\/td><td class=\"has-text-align-center\" data-align=\"center\"><a href=\"https:\/\/crisisrecords.cl\/wp-content\/uploads\/2025\/04\/1995_11_16_Arteknnia_MyD.jpg\">Invitaci\u00f3n<\/a><\/td><\/tr><tr><td class=\"has-text-align-center\" data-align=\"center\">1995\/12\/03<\/td><td><strong>Hot Music<\/strong><br>Canal 4 La Red<br>Las Condes, Santiago<\/td><td class=\"has-text-align-left\" data-align=\"left\"><strong>Miradas &amp; Doncellas<\/strong><br>Interpretan Tocar la Sal m\u00e1s entrevista<\/td><td class=\"has-text-align-center\" data-align=\"center\"><a href=\"https:\/\/crisisrecords.cl\/?page_id=270\">Video<\/a><\/td><\/tr><tr><td class=\"has-text-align-center\" data-align=\"center\"><a href=\"https:\/\/crisisrecords.cl\/?page_id=379\"><strong>1995\/12\/09<\/strong><\/a><\/td><td><strong>Sindicato de Estibadores<\/strong><br>puerto de Valpara\u00edso<\/td><td class=\"has-text-align-left\" data-align=\"left\"><strong>Arteknnia <\/strong>+ <strong>2CV6<\/strong> + <strong>Miradas &amp; Doncellas<\/strong> + <strong>Amantes An\u00f3nimos<\/strong><\/td><td class=\"has-text-align-center\" data-align=\"center\"><a href=\"https:\/\/crisisrecords.cl\/?page_id=379\">Reporte<\/a><br><a href=\"https:\/\/crisisrecords.cl\/wp-content\/uploads\/2025\/04\/1995_12_09_Sindicato_de_Estibadores.jpg\">Afiche<\/a><\/td><\/tr><tr><td class=\"has-text-align-center\" data-align=\"center\"><strong>1995\/12\/10<\/strong><\/td><td><strong>Hot Music<\/strong><br>Canal 4 La Red<br>Las Condes, Santiago<\/td><td class=\"has-text-align-left\" data-align=\"left\"><strong>Arteknnia<\/strong><br>Interpretan el tema Ceremonia Leal &#8217;95 m\u00e1s entrevista<\/td><td class=\"has-text-align-center\" data-align=\"center\"><a href=\"https:\/\/crisisrecords.cl\/?page_id=297\">Video<\/a><\/td><\/tr><tr><td class=\"has-text-align-center\" data-align=\"center\"><\/td><td><\/td><td class=\"has-text-align-left\" data-align=\"left\"><\/td><td class=\"has-text-align-center\" data-align=\"center\"><\/td><\/tr><\/tbody><\/table><\/figure>\n","protected":false},"excerpt":{"rendered":"<p>Fecha Lugar Bandas Archivo 1989\/06\/17 Garage MatucanaEstaci\u00f3n Central, Santiago Arteknnia + Fiscales + Vandalik + 8 BolasIII Bienal Underground 1990\/04\/21 La Pintana Arteknnia + Massacre + Fiscales + Ni\u00f1os Mutantes + Viudos de CharlotFestival La Pintana Rock 1990\/05\/04 Escuela de Medicina Norte Universidad de ChileIndependencia, Santiago Arteknnia + Los Fiscales Ad Hoc + 24 Ancianos <a href=\"https:\/\/crisisrecords.cl\/?page_id=388\" class=\"more-link\">&#8230;<span class=\"screen-reader-text\">  En Vivo<\/span><\/a><\/p>\n","protected":false},"author":1,"featured_media":0,"parent":0,"menu_order":0,"comment_status":"closed","ping_status":"closed","template":"","meta":{"footnotes":""},"class_list":["post-388","page","type-page","status-publish","hentry"],"_links":{"self":[{"href":"https:\/\/crisisrecords.cl\/index.php?rest_route=\/wp\/v2\/pages\/388","targetHints":{"allow":["GET"]}}],"collection":[{"href":"https:\/\/crisisrecords.cl\/index.php?rest_route=\/wp\/v2\/pages"}],"about":[{"href":"https:\/\/crisisrecords.cl\/index.php?rest_route=\/wp\/v2\/types\/page"}],"author":[{"embeddable":true,"href":"https:\/\/crisisrecords.cl\/index.php?rest_route=\/wp\/v2\/users\/1"}],"replies":[{"embeddable":true,"href":"https:\/\/crisisrecords.cl\/index.php?rest_route=%2Fwp%2Fv2%2Fcomments&post=388"}],"version-history":[{"count":10,"href":"https:\/\/crisisrecords.cl\/index.php?rest_route=\/wp\/v2\/pages\/388\/revisions"}],"predecessor-version":[{"id":670,"href":"https:\/\/crisisrecords.cl\/index.php?rest_route=\/wp\/v2\/pages\/388\/revisions\/670"}],"wp:attachment":[{"href":"https:\/\/crisisrecords.cl\/index.php?rest_route=%2Fwp%2Fv2%2Fmedia&parent=388"}],"curies":[{"name":"wp","href":"https:\/\/api.w.org\/{rel}","templated":true}]}}