{"id":403,"date":"2020-12-08T16:13:47","date_gmt":"2020-12-08T19:13:47","guid":{"rendered":"https:\/\/crisisrecords.cl\/?page_id=403"},"modified":"2020-12-08T22:40:45","modified_gmt":"2020-12-09T01:40:45","slug":"extravaganza-ene-1996","status":"publish","type":"page","link":"https:\/\/crisisrecords.cl\/?page_id=403","title":{"rendered":"Extravaganza! ene\/1996"},"content":{"rendered":"\n<p>Reportaje con lo mejor del a\u00f1o 1995 seg\u00fan al imprescindible revista <strong>Extravaganza!<\/strong>.  Destacan el trabajo de las tres bandas del sello, compartiendo estos primeros pasos con varios artistas importantes del under santiaguino. <br> Un detalle no menor, el sello <strong>Toxic records<\/strong> est\u00e1 vinculado con cinco producciones aqu\u00ed mencionadas; producci\u00f3n del disco de <strong>Undercroft<\/strong>, edici\u00f3n del primer \u00e1lbum de <strong>Luna In Caelo<\/strong> y la distribuci\u00f3n de nuestros primeros tres trabajos.<\/p>\n\n\n\n<figure class=\"wp-block-image size-large\"><img loading=\"lazy\" decoding=\"async\" width=\"945\" height=\"794\" src=\"https:\/\/crisisrecords.cl\/wp-content\/uploads\/2020\/12\/Extravaganza_1995_web.jpg\" alt=\"\" class=\"wp-image-406\" srcset=\"https:\/\/crisisrecords.cl\/wp-content\/uploads\/2020\/12\/Extravaganza_1995_web.jpg 945w, https:\/\/crisisrecords.cl\/wp-content\/uploads\/2020\/12\/Extravaganza_1995_web-300x252.jpg 300w, https:\/\/crisisrecords.cl\/wp-content\/uploads\/2020\/12\/Extravaganza_1995_web-768x645.jpg 768w\" sizes=\"auto, (max-width: 945px) 100vw, 945px\" \/><\/figure>\n\n\n\n<figure class=\"wp-block-image size-large\"><img loading=\"lazy\" decoding=\"async\" width=\"797\" height=\"1024\" src=\"https:\/\/crisisrecords.cl\/wp-content\/uploads\/2020\/12\/Extravaganza_1995_1-797x1024.jpg\" alt=\"\" class=\"wp-image-404\" srcset=\"https:\/\/crisisrecords.cl\/wp-content\/uploads\/2020\/12\/Extravaganza_1995_1-797x1024.jpg 797w, https:\/\/crisisrecords.cl\/wp-content\/uploads\/2020\/12\/Extravaganza_1995_1-234x300.jpg 234w, https:\/\/crisisrecords.cl\/wp-content\/uploads\/2020\/12\/Extravaganza_1995_1-768x987.jpg 768w, https:\/\/crisisrecords.cl\/wp-content\/uploads\/2020\/12\/Extravaganza_1995_1-1196x1536.jpg 1196w, https:\/\/crisisrecords.cl\/wp-content\/uploads\/2020\/12\/Extravaganza_1995_1-1594x2048.jpg 1594w, https:\/\/crisisrecords.cl\/wp-content\/uploads\/2020\/12\/Extravaganza_1995_1.jpg 1672w\" sizes=\"auto, (max-width: 797px) 100vw, 797px\" \/><\/figure>\n\n\n\n<figure class=\"wp-block-image size-large\"><img loading=\"lazy\" decoding=\"async\" width=\"790\" height=\"1024\" src=\"https:\/\/crisisrecords.cl\/wp-content\/uploads\/2020\/12\/Extravaganza_1995_3-790x1024.jpg\" alt=\"\" class=\"wp-image-405\" srcset=\"https:\/\/crisisrecords.cl\/wp-content\/uploads\/2020\/12\/Extravaganza_1995_3-790x1024.jpg 790w, https:\/\/crisisrecords.cl\/wp-content\/uploads\/2020\/12\/Extravaganza_1995_3-232x300.jpg 232w, https:\/\/crisisrecords.cl\/wp-content\/uploads\/2020\/12\/Extravaganza_1995_3-768x995.jpg 768w, https:\/\/crisisrecords.cl\/wp-content\/uploads\/2020\/12\/Extravaganza_1995_3-1186x1536.jpg 1186w, https:\/\/crisisrecords.cl\/wp-content\/uploads\/2020\/12\/Extravaganza_1995_3-1581x2048.jpg 1581w, https:\/\/crisisrecords.cl\/wp-content\/uploads\/2020\/12\/Extravaganza_1995_3.jpg 1655w\" sizes=\"auto, (max-width: 790px) 100vw, 790px\" \/><\/figure>\n","protected":false},"excerpt":{"rendered":"<p>Reportaje con lo mejor del a\u00f1o 1995 seg\u00fan al imprescindible revista Extravaganza!. Destacan el trabajo de las tres bandas del sello, compartiendo estos primeros pasos con varios artistas importantes del under santiaguino. Un detalle no menor, el sello Toxic records est\u00e1 vinculado con cinco producciones aqu\u00ed mencionadas; producci\u00f3n del disco de Undercroft, edici\u00f3n del primer <a href=\"https:\/\/crisisrecords.cl\/?page_id=403\" class=\"more-link\">&#8230;<span class=\"screen-reader-text\">  Extravaganza! ene\/1996<\/span><\/a><\/p>\n","protected":false},"author":1,"featured_media":0,"parent":240,"menu_order":0,"comment_status":"closed","ping_status":"closed","template":"","meta":{"footnotes":""},"class_list":["post-403","page","type-page","status-publish","hentry"],"_links":{"self":[{"href":"https:\/\/crisisrecords.cl\/index.php?rest_route=\/wp\/v2\/pages\/403","targetHints":{"allow":["GET"]}}],"collection":[{"href":"https:\/\/crisisrecords.cl\/index.php?rest_route=\/wp\/v2\/pages"}],"about":[{"href":"https:\/\/crisisrecords.cl\/index.php?rest_route=\/wp\/v2\/types\/page"}],"author":[{"embeddable":true,"href":"https:\/\/crisisrecords.cl\/index.php?rest_route=\/wp\/v2\/users\/1"}],"replies":[{"embeddable":true,"href":"https:\/\/crisisrecords.cl\/index.php?rest_route=%2Fwp%2Fv2%2Fcomments&post=403"}],"version-history":[{"count":2,"href":"https:\/\/crisisrecords.cl\/index.php?rest_route=\/wp\/v2\/pages\/403\/revisions"}],"predecessor-version":[{"id":410,"href":"https:\/\/crisisrecords.cl\/index.php?rest_route=\/wp\/v2\/pages\/403\/revisions\/410"}],"up":[{"embeddable":true,"href":"https:\/\/crisisrecords.cl\/index.php?rest_route=\/wp\/v2\/pages\/240"}],"wp:attachment":[{"href":"https:\/\/crisisrecords.cl\/index.php?rest_route=%2Fwp%2Fv2%2Fmedia&parent=403"}],"curies":[{"name":"wp","href":"https:\/\/api.w.org\/{rel}","templated":true}]}}