{"id":68,"date":"2020-12-06T00:20:04","date_gmt":"2020-12-06T03:20:04","guid":{"rendered":"https:\/\/crisisrecords.cl\/?page_id=68"},"modified":"2021-12-15T03:39:36","modified_gmt":"2021-12-15T06:39:36","slug":"videos","status":"publish","type":"page","link":"https:\/\/crisisrecords.cl\/?page_id=68","title":{"rendered":"Videos"},"content":{"rendered":"\n<div class=\"wp-block-group\"><div class=\"wp-block-group__inner-container is-layout-flow wp-block-group-is-layout-flow\"><\/div><\/div>\n\n\n\n<pre class=\"wp-block-code\"><code><iframe loading=\"lazy\" width=\"560\" height=\"315\" src=\"https:\/\/www.youtube.com\/embed\/S9U9sAPrl_E\" title=\"YouTube video player\" frameborder=\"0\" allow=\"accelerometer; autoplay; clipboard-write; encrypted-media; gyroscope; picture-in-picture\" allowfullscreen=\"\"><\/iframe><\/code><\/pre>\n\n\n\n<pre class=\"wp-block-code\"><code><iframe loading=\"lazy\" width=\"560\" height=\"315\" src=\"https:\/\/www.youtube.com\/embed\/hol3FDQA6L4\" title=\"YouTube video player\" frameborder=\"0\" allow=\"accelerometer; autoplay; clipboard-write; encrypted-media; gyroscope; picture-in-picture\" allowfullscreen=\"\">\n<\/code><\/pre><\/iframe><\/code><\/pre>\n\n\n\n<div class=\"wp-block-media-text alignwide is-stacked-on-mobile\"><figure class=\"wp-block-media-text__media\"><a href=\"https:\/\/crisisrecords.cl\/?page_id=297\"><img loading=\"lazy\" decoding=\"async\" width=\"591\" height=\"332\" src=\"https:\/\/crisisrecords.cl\/wp-content\/uploads\/2020\/12\/Ceremonia_Hot_Music_web_1.jpg\" alt=\"\" class=\"wp-image-278 size-full\" srcset=\"https:\/\/crisisrecords.cl\/wp-content\/uploads\/2020\/12\/Ceremonia_Hot_Music_web_1.jpg 591w, https:\/\/crisisrecords.cl\/wp-content\/uploads\/2020\/12\/Ceremonia_Hot_Music_web_1-300x169.jpg 300w\" sizes=\"auto, (max-width: 591px) 100vw, 591px\" \/><\/a><\/figure><div class=\"wp-block-media-text__content\">\n<p><strong>Arteknnia<\/strong><br>Tema: <a href=\"https:\/\/crisisrecords.cl\/?page_id=297\">Ceremonia Leal<\/a><br>Album: La Ultima Tierra<br>10\/12\/1995<br>Programa Hot Music, Canal 4 La Red<\/p>\n<\/div><\/div>\n\n\n\n<div class=\"wp-block-group\"><div class=\"wp-block-group__inner-container is-layout-flow wp-block-group-is-layout-flow\">\n<div class=\"wp-block-media-text alignwide is-stacked-on-mobile\"><figure class=\"wp-block-media-text__media\"><img loading=\"lazy\" decoding=\"async\" width=\"591\" height=\"332\" src=\"https:\/\/crisisrecords.cl\/wp-content\/uploads\/2020\/12\/myd_Hot_Music_web.jpg\" alt=\"\" class=\"wp-image-290 size-full\" srcset=\"https:\/\/crisisrecords.cl\/wp-content\/uploads\/2020\/12\/myd_Hot_Music_web.jpg 591w, https:\/\/crisisrecords.cl\/wp-content\/uploads\/2020\/12\/myd_Hot_Music_web-300x169.jpg 300w\" sizes=\"auto, (max-width: 591px) 100vw, 591px\" \/><\/figure><div class=\"wp-block-media-text__content\">\n<p><strong>Miradas &amp; Doncellas<\/strong><a href=\"https:\/\/crisisrecords.cl\/?page_id=263\"><br><\/a>Tema:<a href=\"https:\/\/crisisrecords.cl\/?page_id=263\"> <\/a><a href=\"https:\/\/crisisrecords.cl\/?page_id=270\">Tocar la sal<\/a><br>Album: MYD<br>03\/12\/1995<br>Presentaci\u00f3n en programa Hot Music del canal 4 La Red<\/p>\n<\/div><\/div>\n<\/div><\/div>\n\n\n\n<div class=\"wp-block-media-text alignwide is-stacked-on-mobile\"><figure class=\"wp-block-media-text__media\"><a href=\"https:\/\/crisisrecords.cl\/?page_id=263\"><img loading=\"lazy\" decoding=\"async\" width=\"591\" height=\"332\" src=\"https:\/\/crisisrecords.cl\/wp-content\/uploads\/2020\/12\/Mankacen_Brigitte_web_2.jpg\" alt=\"\" class=\"wp-image-287 size-full\" srcset=\"https:\/\/crisisrecords.cl\/wp-content\/uploads\/2020\/12\/Mankacen_Brigitte_web_2.jpg 591w, https:\/\/crisisrecords.cl\/wp-content\/uploads\/2020\/12\/Mankacen_Brigitte_web_2-300x169.jpg 300w\" sizes=\"auto, (max-width: 591px) 100vw, 591px\" \/><\/a><\/figure><div class=\"wp-block-media-text__content\">\n<p><strong>Mankacen<\/strong><a href=\"https:\/\/crisisrecords.cl\/?page_id=263\"><br>Tema: Brigitte<\/a><br>Album: A la chu\u00f1a<br>A\u00f1o: 2001<br>Director: Alejandro Albornoz<\/p>\n<\/div><\/div>\n\n\n\n<div class=\"wp-block-media-text alignwide is-stacked-on-mobile\"><figure class=\"wp-block-media-text__media\"><img loading=\"lazy\" decoding=\"async\" width=\"591\" height=\"332\" src=\"https:\/\/crisisrecords.cl\/wp-content\/uploads\/2020\/12\/Halugar_Manipulacion_web_1.jpg\" alt=\"\" class=\"wp-image-280 size-full\" srcset=\"https:\/\/crisisrecords.cl\/wp-content\/uploads\/2020\/12\/Halugar_Manipulacion_web_1.jpg 591w, https:\/\/crisisrecords.cl\/wp-content\/uploads\/2020\/12\/Halugar_Manipulacion_web_1-300x169.jpg 300w\" sizes=\"auto, (max-width: 591px) 100vw, 591px\" \/><\/figure><div class=\"wp-block-media-text__content\">\n<p><strong>Halugar Menos 128 Bajo<\/strong><br>Tema: <a href=\"https:\/\/crisisrecords.cl\/?page_id=268\">Manipulaci\u00f3n<\/a><br>Album: Olranigaminis<br>A\u00f1o: 1996<br>Director: <\/p>\n<\/div><\/div>\n\n\n\n<div class=\"wp-block-media-text alignwide is-stacked-on-mobile\"><figure class=\"wp-block-media-text__media\"><a href=\"https:\/\/crisisrecords.cl\/?page_id=295\"><img loading=\"lazy\" decoding=\"async\" width=\"591\" height=\"332\" src=\"https:\/\/crisisrecords.cl\/wp-content\/uploads\/2020\/12\/Telurica_canal_2_web_2.jpg\" alt=\"\" class=\"wp-image-293 size-full\" srcset=\"https:\/\/crisisrecords.cl\/wp-content\/uploads\/2020\/12\/Telurica_canal_2_web_2.jpg 591w, https:\/\/crisisrecords.cl\/wp-content\/uploads\/2020\/12\/Telurica_canal_2_web_2-300x169.jpg 300w\" sizes=\"auto, (max-width: 591px) 100vw, 591px\" \/><\/a><\/figure><div class=\"wp-block-media-text__content\">\n<p><strong>Arteknnia<\/strong><a href=\"https:\/\/crisisrecords.cl\/?page_id=263\"><br><\/a>Tema: <a href=\"https:\/\/crisisrecords.cl\/?page_id=295\">Tel\u00farica<\/a><br>Album: La Ultima Tierra<br>Fecha: 19\/08\/1995<br>Programa Viva Zeta, Canal 2 Rock &amp; Pop<\/p>\n<\/div><\/div>\n\n\n\n<div class=\"wp-block-media-text alignwide is-stacked-on-mobile\"><figure class=\"wp-block-media-text__media\"><a href=\"https:\/\/crisisrecords.cl\/?page_id=312\"><img loading=\"lazy\" decoding=\"async\" width=\"591\" height=\"332\" src=\"https:\/\/crisisrecords.cl\/wp-content\/uploads\/2020\/12\/Lesbos_The_End_web_1.jpg\" alt=\"\" class=\"wp-image-284 size-full\" srcset=\"https:\/\/crisisrecords.cl\/wp-content\/uploads\/2020\/12\/Lesbos_The_End_web_1.jpg 591w, https:\/\/crisisrecords.cl\/wp-content\/uploads\/2020\/12\/Lesbos_The_End_web_1-300x169.jpg 300w\" sizes=\"auto, (max-width: 591px) 100vw, 591px\" \/><\/a><\/figure><div class=\"wp-block-media-text__content\">\n<p><strong>Lesbos In Love<\/strong><br>Tema: <a href=\"https:\/\/crisisrecords.cl\/?page_id=312\">The End (Sangre Eterna Soundtrack)<\/a><br>Album: The Ghost of Her<br>A\u00f1o: 2002<br><\/p>\n<\/div><\/div>\n\n\n\n<div class=\"wp-block-media-text alignwide is-stacked-on-mobile\"><figure class=\"wp-block-media-text__media\"><a href=\"https:\/\/crisisrecords.cl\/?page_id=318\"><img loading=\"lazy\" decoding=\"async\" width=\"591\" height=\"332\" src=\"https:\/\/crisisrecords.cl\/wp-content\/uploads\/2020\/12\/Invierno_Enfermo_web.jpg\" alt=\"\" class=\"wp-image-328 size-full\" srcset=\"https:\/\/crisisrecords.cl\/wp-content\/uploads\/2020\/12\/Invierno_Enfermo_web.jpg 591w, https:\/\/crisisrecords.cl\/wp-content\/uploads\/2020\/12\/Invierno_Enfermo_web-300x169.jpg 300w\" sizes=\"auto, (max-width: 591px) 100vw, 591px\" \/><\/a><\/figure><div class=\"wp-block-media-text__content\">\n<p><strong>Invierno<\/strong><br>Tema: <a href=\"https:\/\/crisisrecords.cl\/?page_id=318\">Enfermo<\/a><br>Album: Visiones Nocturnas<br>Tema incluido en el soundtrack del filme Sangre Eterna<br>A\u00f1o: 2002<\/p>\n<\/div><\/div>\n\n\n\n<div class=\"wp-block-media-text alignwide is-stacked-on-mobile\"><figure class=\"wp-block-media-text__media\"><a href=\"https:\/\/crisisrecords.cl\/?page_id=309\"><img loading=\"lazy\" decoding=\"async\" width=\"591\" height=\"332\" src=\"https:\/\/crisisrecords.cl\/wp-content\/uploads\/2020\/12\/Lesbos_Fear_web_2.jpg\" alt=\"\" class=\"wp-image-283 size-full\" srcset=\"https:\/\/crisisrecords.cl\/wp-content\/uploads\/2020\/12\/Lesbos_Fear_web_2.jpg 591w, https:\/\/crisisrecords.cl\/wp-content\/uploads\/2020\/12\/Lesbos_Fear_web_2-300x169.jpg 300w\" sizes=\"auto, (max-width: 591px) 100vw, 591px\" \/><\/a><\/figure><div class=\"wp-block-media-text__content\">\n<p><strong>Lesbos In Love<\/strong><br>Tema: <a href=\"https:\/\/crisisrecords.cl\/?page_id=309\">Fear Anything<\/a><br>Album: The Ghost of Her<br>A\u00f1o: 2003<br><\/p>\n<\/div><\/div>\n\n\n\n<div class=\"wp-block-media-text alignwide is-stacked-on-mobile\"><figure class=\"wp-block-media-text__media\"><img loading=\"lazy\" decoding=\"async\" width=\"591\" height=\"332\" src=\"https:\/\/crisisrecords.cl\/wp-content\/uploads\/2020\/12\/Invierno_Expuesto_web.jpg\" alt=\"\" class=\"wp-image-327 size-full\" srcset=\"https:\/\/crisisrecords.cl\/wp-content\/uploads\/2020\/12\/Invierno_Expuesto_web.jpg 591w, https:\/\/crisisrecords.cl\/wp-content\/uploads\/2020\/12\/Invierno_Expuesto_web-300x169.jpg 300w\" sizes=\"auto, (max-width: 591px) 100vw, 591px\" \/><\/figure><div class=\"wp-block-media-text__content\">\n<p><strong>Invierno<\/strong><br>Tema: <a href=\"https:\/\/crisisrecords.cl\/?page_id=316\">Expuesto<\/a><br>Album: Visiones Nocturnas<br>A\u00f1o: 2003<\/p>\n<\/div><\/div>\n\n\n\n<div class=\"wp-block-media-text alignwide is-stacked-on-mobile\"><figure class=\"wp-block-media-text__media\"><a href=\"https:\/\/crisisrecords.cl\/?page_id=302\"><img loading=\"lazy\" decoding=\"async\" width=\"591\" height=\"332\" src=\"https:\/\/crisisrecords.cl\/wp-content\/uploads\/2020\/12\/Automatique_Loving_web.jpg\" alt=\"\" class=\"wp-image-275 size-full\" srcset=\"https:\/\/crisisrecords.cl\/wp-content\/uploads\/2020\/12\/Automatique_Loving_web.jpg 591w, https:\/\/crisisrecords.cl\/wp-content\/uploads\/2020\/12\/Automatique_Loving_web-300x169.jpg 300w\" sizes=\"auto, (max-width: 591px) 100vw, 591px\" \/><\/a><\/figure><div class=\"wp-block-media-text__content\">\n<p><strong>Automatique<\/strong><br>Tema: <a href=\"https:\/\/crisisrecords.cl\/?page_id=302\">Loving (free fall from space)<\/a><br>A\u00f1or: 2011<br><\/p>\n<\/div><\/div>\n\n\n\n<div class=\"wp-block-media-text alignwide is-stacked-on-mobile\"><figure class=\"wp-block-media-text__media\"><a href=\"https:\/\/crisisrecords.cl\/?page_id=314\"><img loading=\"lazy\" decoding=\"async\" width=\"591\" height=\"332\" src=\"https:\/\/crisisrecords.cl\/wp-content\/uploads\/2020\/12\/UD_No_web_1.jpg\" alt=\"\" class=\"wp-image-294 size-full\" srcset=\"https:\/\/crisisrecords.cl\/wp-content\/uploads\/2020\/12\/UD_No_web_1.jpg 591w, https:\/\/crisisrecords.cl\/wp-content\/uploads\/2020\/12\/UD_No_web_1-300x169.jpg 300w\" sizes=\"auto, (max-width: 591px) 100vw, 591px\" \/><\/a><\/figure><div class=\"wp-block-media-text__content\">\n<p><strong>Usted No!<\/strong><br>Tema: <a href=\"https:\/\/crisisrecords.cl\/?page_id=314\">Ready Made<\/a><br>Album: Tiembla!: versiones &amp; remezclas<br>A\u00f1o: 2005<br>Director: Claudio P\u00e9rez<\/p>\n<\/div><\/div>\n\n\n\n<div class=\"wp-block-media-text alignwide is-stacked-on-mobile\"><figure class=\"wp-block-media-text__media\"><img loading=\"lazy\" decoding=\"async\" width=\"591\" height=\"332\" src=\"https:\/\/crisisrecords.cl\/wp-content\/uploads\/2020\/12\/Mankacen_No3Na_web_2.jpg\" alt=\"\" class=\"wp-image-289 size-full\" srcset=\"https:\/\/crisisrecords.cl\/wp-content\/uploads\/2020\/12\/Mankacen_No3Na_web_2.jpg 591w, https:\/\/crisisrecords.cl\/wp-content\/uploads\/2020\/12\/Mankacen_No3Na_web_2-300x169.jpg 300w\" sizes=\"auto, (max-width: 591px) 100vw, 591px\" \/><\/figure><div class=\"wp-block-media-text__content\">\n<p><strong>Mankacen<\/strong><br>Tema: <a href=\"https:\/\/crisisrecords.cl\/?page_id=307\">NO3Na<\/a><br>Direcci\u00f3n: Alejandro Albornoz<\/p>\n<\/div><\/div>\n\n\n\n<div class=\"wp-block-media-text alignwide is-stacked-on-mobile\"><figure class=\"wp-block-media-text__media\"><a href=\"https:\/\/crisisrecords.cl\/?page_id=304\"><img loading=\"lazy\" decoding=\"async\" width=\"591\" height=\"315\" src=\"https:\/\/crisisrecords.cl\/wp-content\/uploads\/2020\/12\/Automatique_No_Ligths_web.jpg\" alt=\"\" class=\"wp-image-277 size-full\" srcset=\"https:\/\/crisisrecords.cl\/wp-content\/uploads\/2020\/12\/Automatique_No_Ligths_web.jpg 591w, https:\/\/crisisrecords.cl\/wp-content\/uploads\/2020\/12\/Automatique_No_Ligths_web-300x160.jpg 300w\" sizes=\"auto, (max-width: 591px) 100vw, 591px\" \/><\/a><\/figure><div class=\"wp-block-media-text__content\">\n<p><strong>Automatique<\/strong><br>Tema: <a href=\"https:\/\/crisisrecords.cl\/?page_id=304\">Intro + Orange<\/a><br>Album: No Lights<br>Fecha: 12\/04\/2012<br>Grabado en Sala SCD Vespucio<\/p>\n<\/div><\/div>\n\n\n\n<div class=\"wp-block-media-text alignwide is-stacked-on-mobile\"><figure class=\"wp-block-media-text__media\"><a href=\"https:\/\/crisisrecords.cl\/?page_id=257\"><img loading=\"lazy\" decoding=\"async\" width=\"591\" height=\"332\" src=\"https:\/\/crisisrecords.cl\/wp-content\/uploads\/2020\/12\/CES_web.jpg\" alt=\"\" class=\"wp-image-279 size-full\" srcset=\"https:\/\/crisisrecords.cl\/wp-content\/uploads\/2020\/12\/CES_web.jpg 591w, https:\/\/crisisrecords.cl\/wp-content\/uploads\/2020\/12\/CES_web-300x169.jpg 300w\" sizes=\"auto, (max-width: 591px) 100vw, 591px\" \/><\/a><\/figure><div class=\"wp-block-media-text__content\">\n<p><strong>C.E.S.<\/strong><a href=\"https:\/\/crisisrecords.cl\/?page_id=257\"><br>En vivo Festival Suram\u00e9rica Electr\u00f3nica<\/a><br>Fecha: 09\/04\/2005<\/p>\n<\/div><\/div>\n","protected":false},"excerpt":{"rendered":"<p>ArteknniaTema: Ceremonia LealAlbum: La Ultima Tierra10\/12\/1995Programa Hot Music, Canal 4 La Red Miradas &amp; DoncellasTema: Tocar la salAlbum: MYD03\/12\/1995Presentaci\u00f3n en programa Hot Music del canal 4 La Red MankacenTema: BrigitteAlbum: A la chu\u00f1aA\u00f1o: 2001Director: Alejandro Albornoz Halugar Menos 128 BajoTema: Manipulaci\u00f3nAlbum: OlranigaminisA\u00f1o: 1996Director: ArteknniaTema: Tel\u00faricaAlbum: La Ultima TierraFecha: 19\/08\/1995Programa Viva Zeta, Canal 2 Rock &amp; <a href=\"https:\/\/crisisrecords.cl\/?page_id=68\" class=\"more-link\">&#8230;<span class=\"screen-reader-text\">  Videos<\/span><\/a><\/p>\n","protected":false},"author":1,"featured_media":0,"parent":0,"menu_order":0,"comment_status":"closed","ping_status":"closed","template":"","meta":{"footnotes":""},"class_list":["post-68","page","type-page","status-publish","hentry"],"_links":{"self":[{"href":"https:\/\/crisisrecords.cl\/index.php?rest_route=\/wp\/v2\/pages\/68","targetHints":{"allow":["GET"]}}],"collection":[{"href":"https:\/\/crisisrecords.cl\/index.php?rest_route=\/wp\/v2\/pages"}],"about":[{"href":"https:\/\/crisisrecords.cl\/index.php?rest_route=\/wp\/v2\/types\/page"}],"author":[{"embeddable":true,"href":"https:\/\/crisisrecords.cl\/index.php?rest_route=\/wp\/v2\/users\/1"}],"replies":[{"embeddable":true,"href":"https:\/\/crisisrecords.cl\/index.php?rest_route=%2Fwp%2Fv2%2Fcomments&post=68"}],"version-history":[{"count":10,"href":"https:\/\/crisisrecords.cl\/index.php?rest_route=\/wp\/v2\/pages\/68\/revisions"}],"predecessor-version":[{"id":599,"href":"https:\/\/crisisrecords.cl\/index.php?rest_route=\/wp\/v2\/pages\/68\/revisions\/599"}],"wp:attachment":[{"href":"https:\/\/crisisrecords.cl\/index.php?rest_route=%2Fwp%2Fv2%2Fmedia&parent=68"}],"curies":[{"name":"wp","href":"https:\/\/api.w.org\/{rel}","templated":true}]}}