{"id":7,"date":"2020-11-29T02:52:30","date_gmt":"2020-11-29T05:52:30","guid":{"rendered":"https:\/\/crisisrecords.cl\/?page_id=7"},"modified":"2025-04-10T21:06:43","modified_gmt":"2025-04-11T00:06:43","slug":"acerca-de","status":"publish","type":"page","link":"https:\/\/crisisrecords.cl\/?page_id=7","title":{"rendered":"Historia"},"content":{"rendered":"\n<p class=\"has-white-color has-black-background-color has-text-color has-background\">Crisis Records se comienza a gestar a mediados de 1992 del trabajo en conjunto de H\u00e9ctor con el grupo <strong>2CV6<\/strong> grabando demos. En marzo de 1993 se une <strong>Arteknnia<\/strong> comenzando a planificar y organizar eventos. En 1994 se invita a colaborar a <strong>Miradas y Doncellas<\/strong>, banda integrada por tres sonidistas y un fot\u00f3grafo, uno de ellos Patricio Moya, en ese tiempo junto a unos socios ten\u00eda un estudio de grabaci\u00f3n, gracias al cual se grabaron temas y luego se gest\u00f3 la idea de hacer un \u00e1lbum con la recopilaci\u00f3n de grabaciones de 2CV6, banda que por temas del destino se tuvo que disolver a fines de ese a\u00f1o.<br><br>Por su parte <strong>Miradas &amp; Doncellas<\/strong> comienza a grabar su producci\u00f3n a comienzos del &#8217;95 en el estudio de Patricio Moya y masterizado en el reconocido estudio Sonus. El resultado es una fina producci\u00f3n que viaja entre el synth pop y el dark wave.<br><br> Crisis lanza su primer disco el 30 de junio de 1995, se trata de<em> DIM<\/em> de <strong>2CV6<\/strong>, compilatorio de grabaciones realizadas entre el a\u00f1o 1991 y 1994, m\u00e1s grabaciones extra de Francisco Pinto y post producci\u00f3n a cargo de H\u00e9ctor Aguirre.<br><br>En agosto <strong>Arteknnia<\/strong> es invitado al lanzamiento <strong>Canal 2 Rock &amp; Pop<\/strong> un nuevo canal de televisi\u00f3n enfocado en los jovenes presentando cuatro temas transmitidos en vivo y en directo.<br><br>En Noviembre del mismo a\u00f1o se editan en paralelo dos nuevas producciones <em>La \u00daltima Tierra<\/em> de <strong>Arteknnia<\/strong> y el hom\u00f3nimo de <strong>Miradas &amp; Doncellas<\/strong>, <br>Para el lanzamiento de estas dos producciones se realiz\u00f3 un evento en la discoteque Rockola con ambas bandas en vivo y una nueva puesta en escena.<br><br><em>La \u00daltima Tierra<\/em> es un mini \u00e1lbum de seis temas grabados por <strong>Arteknnia<\/strong> entre 1992 y 1995 que recoge una selecci\u00f3n de registros realizados en distintos estudios de grabaci\u00f3n y que grafican la evoluci\u00f3n y un poco de las distintas etapas musicales en las que se movi\u00f3 la banda, desde el dark wave, pasando por el synth pop, ambient hasta la influencia manchesteriana en Digital .<br><br>Ya en diciembre las tres bandas viajan a Valpara\u00edso a realizar la primera aventura fuera de la capital gracias al contacto de Neto Iturrieta, voz de Amantes An\u00f3nimos, d\u00fao electr\u00f3nico de Villa Alemana, montando un evento en el Sindicato de Estibadores del puerto.<br><br>En paralelo el programa Hot Music del canal de televisi\u00f3n <strong>La Red<\/strong> extiende una invitaci\u00f3n para presentar a las tres bandas en tres programas emitidos en diciembre.<br><br><\/p>\n\n\n\n<p><\/p>\n","protected":false},"excerpt":{"rendered":"<p>Crisis Records se comienza a gestar a mediados de 1992 del trabajo en conjunto de H\u00e9ctor con el grupo 2CV6 grabando demos. En marzo de 1993 se une Arteknnia comenzando a planificar y organizar eventos. En 1994 se invita a colaborar a Miradas y Doncellas, banda integrada por tres sonidistas y un fot\u00f3grafo, uno de <a href=\"https:\/\/crisisrecords.cl\/?page_id=7\" class=\"more-link\">&#8230;<span class=\"screen-reader-text\">  Historia<\/span><\/a><\/p>\n","protected":false},"author":1,"featured_media":0,"parent":0,"menu_order":0,"comment_status":"closed","ping_status":"closed","template":"","meta":{"footnotes":""},"class_list":["post-7","page","type-page","status-publish","hentry"],"_links":{"self":[{"href":"https:\/\/crisisrecords.cl\/index.php?rest_route=\/wp\/v2\/pages\/7","targetHints":{"allow":["GET"]}}],"collection":[{"href":"https:\/\/crisisrecords.cl\/index.php?rest_route=\/wp\/v2\/pages"}],"about":[{"href":"https:\/\/crisisrecords.cl\/index.php?rest_route=\/wp\/v2\/types\/page"}],"author":[{"embeddable":true,"href":"https:\/\/crisisrecords.cl\/index.php?rest_route=\/wp\/v2\/users\/1"}],"replies":[{"embeddable":true,"href":"https:\/\/crisisrecords.cl\/index.php?rest_route=%2Fwp%2Fv2%2Fcomments&post=7"}],"version-history":[{"count":10,"href":"https:\/\/crisisrecords.cl\/index.php?rest_route=\/wp\/v2\/pages\/7\/revisions"}],"predecessor-version":[{"id":647,"href":"https:\/\/crisisrecords.cl\/index.php?rest_route=\/wp\/v2\/pages\/7\/revisions\/647"}],"wp:attachment":[{"href":"https:\/\/crisisrecords.cl\/index.php?rest_route=%2Fwp%2Fv2%2Fmedia&parent=7"}],"curies":[{"name":"wp","href":"https:\/\/api.w.org\/{rel}","templated":true}]}}