{"id":789,"date":"2026-03-04T03:14:10","date_gmt":"2026-03-04T06:14:10","guid":{"rendered":"https:\/\/crisisrecords.cl\/?page_id=789"},"modified":"2026-03-05T02:35:42","modified_gmt":"2026-03-05T05:35:42","slug":"tonko-yutronic-luz-interior","status":"publish","type":"page","link":"https:\/\/crisisrecords.cl\/?page_id=789","title":{"rendered":"Tonko Yutronic &#8211; Luz Interior"},"content":{"rendered":"<div class=\"wp-block-image\">\n<figure class=\"aligncenter size-large is-resized\"><img loading=\"lazy\" decoding=\"async\" width=\"1024\" height=\"1024\" src=\"https:\/\/crisisrecords.cl\/wp-content\/uploads\/2026\/03\/Caratula-Luz-Interior-web-1024x1024.jpg\" alt=\"\" class=\"wp-image-790\" style=\"width:675px;height:auto\" srcset=\"https:\/\/crisisrecords.cl\/wp-content\/uploads\/2026\/03\/Caratula-Luz-Interior-web-1024x1024.jpg 1024w, https:\/\/crisisrecords.cl\/wp-content\/uploads\/2026\/03\/Caratula-Luz-Interior-web-300x300.jpg 300w, https:\/\/crisisrecords.cl\/wp-content\/uploads\/2026\/03\/Caratula-Luz-Interior-web-150x150.jpg 150w, https:\/\/crisisrecords.cl\/wp-content\/uploads\/2026\/03\/Caratula-Luz-Interior-web.jpg 1181w\" sizes=\"auto, (max-width: 1024px) 100vw, 1024px\" \/><figcaption class=\"wp-element-caption\">Tonko Yutronic &#8211; Luz Interior<\/figcaption><\/figure>\n<\/div>\n\n\n<p><strong>Tonko Yutronic<\/strong><em><br><strong>Luz Interior<\/strong><\/em><br>\u00c1lbum<br>Lanzamiento: 22\/08\/2025<br>Link a plataformas: <a href=\"https:\/\/orcd.co\/tonko_yutronic_luz_interior\">https:\/\/orcd.co\/tonko_yutronic_luz_interior<\/a><br><br>Primer \u00e1lbum solista de Tonko Yutronic, un elegante \u00e1lbum de synth pop &nbsp;con ocho temas cantados en espa\u00f1ol y uno en ingl\u00e9s.<\/p>\n\n\n\n<figure class=\"wp-block-table aligncenter has-small-font-size\"><table class=\"has-fixed-layout\"><tbody><tr><td class=\"has-text-align-center\" data-align=\"center\"><img loading=\"lazy\" decoding=\"async\" width=\"150\" height=\"75\" class=\"wp-image-807\" style=\"width: 150px;\" src=\"https:\/\/crisisrecords.cl\/wp-content\/uploads\/2026\/03\/Spotify_1.png\" alt=\"\" srcset=\"https:\/\/crisisrecords.cl\/wp-content\/uploads\/2026\/03\/Spotify_1.png 900w, https:\/\/crisisrecords.cl\/wp-content\/uploads\/2026\/03\/Spotify_1-300x150.png 300w\" sizes=\"auto, (max-width: 150px) 100vw, 150px\" \/><\/td><td><img loading=\"lazy\" decoding=\"async\" width=\"150\" height=\"75\" class=\"wp-image-805\" style=\"width: 150px;\" src=\"https:\/\/crisisrecords.cl\/wp-content\/uploads\/2026\/03\/Line_Music.png\" alt=\"\" srcset=\"https:\/\/crisisrecords.cl\/wp-content\/uploads\/2026\/03\/Line_Music.png 900w, https:\/\/crisisrecords.cl\/wp-content\/uploads\/2026\/03\/Line_Music-300x150.png 300w\" sizes=\"auto, (max-width: 150px) 100vw, 150px\" \/><\/td><td><img loading=\"lazy\" decoding=\"async\" width=\"150\" height=\"75\" class=\"wp-image-808\" style=\"width: 150px;\" src=\"https:\/\/crisisrecords.cl\/wp-content\/uploads\/2026\/03\/Tidal.png\" alt=\"\" srcset=\"https:\/\/crisisrecords.cl\/wp-content\/uploads\/2026\/03\/Tidal.png 900w, https:\/\/crisisrecords.cl\/wp-content\/uploads\/2026\/03\/Tidal-300x150.png 300w\" sizes=\"auto, (max-width: 150px) 100vw, 150px\" \/><\/td><td><img loading=\"lazy\" decoding=\"async\" width=\"150\" height=\"75\" class=\"wp-image-821\" style=\"width: 150px;\" src=\"https:\/\/crisisrecords.cl\/wp-content\/uploads\/2026\/03\/Youtube_Music-1.png\" alt=\"\" srcset=\"https:\/\/crisisrecords.cl\/wp-content\/uploads\/2026\/03\/Youtube_Music-1.png 900w, https:\/\/crisisrecords.cl\/wp-content\/uploads\/2026\/03\/Youtube_Music-1-300x150.png 300w\" sizes=\"auto, (max-width: 150px) 100vw, 150px\" \/><\/td><td><img loading=\"lazy\" decoding=\"async\" width=\"150\" height=\"75\" class=\"wp-image-802\" style=\"width: 150px;\" src=\"https:\/\/crisisrecords.cl\/wp-content\/uploads\/2026\/03\/Apple_Music.png\" alt=\"\" srcset=\"https:\/\/crisisrecords.cl\/wp-content\/uploads\/2026\/03\/Apple_Music.png 900w, https:\/\/crisisrecords.cl\/wp-content\/uploads\/2026\/03\/Apple_Music-300x150.png 300w\" sizes=\"auto, (max-width: 150px) 100vw, 150px\" \/><\/td><td><img loading=\"lazy\" decoding=\"async\" width=\"150\" height=\"75\" class=\"wp-image-804\" style=\"width: 150px;\" src=\"https:\/\/crisisrecords.cl\/wp-content\/uploads\/2026\/03\/Deezer.png\" alt=\"\" srcset=\"https:\/\/crisisrecords.cl\/wp-content\/uploads\/2026\/03\/Deezer.png 900w, https:\/\/crisisrecords.cl\/wp-content\/uploads\/2026\/03\/Deezer-300x150.png 300w\" sizes=\"auto, (max-width: 150px) 100vw, 150px\" \/><\/td><td><img loading=\"lazy\" decoding=\"async\" width=\"150\" height=\"75\" class=\"wp-image-803\" style=\"width: 150px;\" src=\"https:\/\/crisisrecords.cl\/wp-content\/uploads\/2026\/03\/Claro_Musica.png\" alt=\"\" srcset=\"https:\/\/crisisrecords.cl\/wp-content\/uploads\/2026\/03\/Claro_Musica.png 900w, https:\/\/crisisrecords.cl\/wp-content\/uploads\/2026\/03\/Claro_Musica-300x150.png 300w\" sizes=\"auto, (max-width: 150px) 100vw, 150px\" \/><\/td><td><img loading=\"lazy\" decoding=\"async\" width=\"150\" height=\"75\" class=\"wp-image-814\" style=\"width: 150px;\" src=\"https:\/\/crisisrecords.cl\/wp-content\/uploads\/2026\/03\/Soundcloud_2-1.png\" alt=\"\" srcset=\"https:\/\/crisisrecords.cl\/wp-content\/uploads\/2026\/03\/Soundcloud_2-1.png 900w, https:\/\/crisisrecords.cl\/wp-content\/uploads\/2026\/03\/Soundcloud_2-1-300x150.png 300w\" sizes=\"auto, (max-width: 150px) 100vw, 150px\" \/><\/td><td><img loading=\"lazy\" decoding=\"async\" width=\"150\" height=\"75\" class=\"wp-image-801\" style=\"width: 150px;\" src=\"https:\/\/crisisrecords.cl\/wp-content\/uploads\/2026\/03\/Amazon_Music.png\" alt=\"\" srcset=\"https:\/\/crisisrecords.cl\/wp-content\/uploads\/2026\/03\/Amazon_Music.png 900w, https:\/\/crisisrecords.cl\/wp-content\/uploads\/2026\/03\/Amazon_Music-300x150.png 300w\" sizes=\"auto, (max-width: 150px) 100vw, 150px\" \/><\/td><\/tr><\/tbody><tfoot><tr><td class=\"has-text-align-center\" data-align=\"center\"><a href=\"https:\/\/open.spotify.com\/intl-es\/album\/0J33DM0sUPR5nQztcysFDf?si=FQNTkzlaQra-2q6zIv-iFg\">ir a Spotify<\/a><\/td><td><a href=\"https:\/\/music.line.me\/webapp\/album\/mb00000000049633f6\">ir a Line Music<\/a><\/td><td><a href=\"https:\/\/tidal.com\/album\/452189514\">ir a Tidal<\/a><\/td><td><a href=\"https:\/\/music.youtube.com\/playlist?list=OLAK5uy_k-WLl1TXU2i7fyHRXNgnt_VIk8pm4mvdk\">ir a Youtube Music<\/a><\/td><td><a href=\"https:\/\/music.apple.com\/us\/album\/luz-interior\/1831125193?at=1001lwQy&amp;ct=FFM_a7ed6799bc078c60dcfbb75952097944&amp;ls=1&amp;uo=4\">ir a Apple Music<\/a><\/td><td><a href=\"https:\/\/www.deezer.com\/album\/799401411\">ir a Deezer<\/a><\/td><td><a href=\"https:\/\/www.claromusica.com\/artist\/13565570\/CL\">ir a Claro Musica<\/a><\/td><td><a href=\"https:\/\/soundcloud.com\/tonkoyutronic\/sets\/luz-interior-6?utm_medium=api&amp;utm_campaign=social_sharing&amp;utm_source=id_172153\">ir a Soundcloud<\/a><\/td><td><a href=\"https:\/\/music.amazon.com\/albums\/B0FL5W21ZZ?ref=dm_ff_amazonmusic_3p&amp;tag=featurefm-20\">ir a Amazon Music<\/a><\/td><\/tr><\/tfoot><\/table><\/figure>\n\n\n\n<figure class=\"wp-block-embed is-type-rich is-provider-spotify wp-block-embed-spotify wp-embed-aspect-21-9 wp-has-aspect-ratio\"><div class=\"wp-block-embed__wrapper\">\n<iframe title=\"Spotify Embed: Luz Interior\" style=\"border-radius: 12px\" width=\"100%\" height=\"352\" frameborder=\"0\" allowfullscreen allow=\"autoplay; clipboard-write; encrypted-media; fullscreen; picture-in-picture\" loading=\"lazy\" src=\"https:\/\/open.spotify.com\/embed\/album\/0J33DM0sUPR5nQztcysFDf?si=FQNTkzlaQra-2q6zIv-iFg&amp;utm_source=oembed\"><\/iframe>\n<\/div><\/figure>\n\n\n\n<figure class=\"wp-block-embed is-type-video is-provider-youtube wp-block-embed-youtube wp-embed-aspect-16-9 wp-has-aspect-ratio\"><div class=\"wp-block-embed__wrapper\">\n<iframe loading=\"lazy\" title=\"Luz Interior\" width=\"1778\" height=\"1000\" src=\"https:\/\/www.youtube.com\/embed\/videoseries?list=OLAK5uy_nVg-7pIH07V4quheuvbqgGEskO8OTWLW4\" frameborder=\"0\" allow=\"accelerometer; autoplay; clipboard-write; encrypted-media; gyroscope; picture-in-picture; web-share\" referrerpolicy=\"strict-origin-when-cross-origin\" allowfullscreen><\/iframe>\n<\/div><\/figure>\n\n\n<div class=\"wp-block-image\">\n<figure class=\"aligncenter size-large is-resized\"><img loading=\"lazy\" decoding=\"async\" width=\"1024\" height=\"1024\" src=\"https:\/\/crisisrecords.cl\/wp-content\/uploads\/2025\/08\/Un-Rayo-de-Sol-1024x1024.jpg\" alt=\"\" class=\"wp-image-676\" style=\"width:463px;height:auto\" srcset=\"https:\/\/crisisrecords.cl\/wp-content\/uploads\/2025\/08\/Un-Rayo-de-Sol-1024x1024.jpg 1024w, https:\/\/crisisrecords.cl\/wp-content\/uploads\/2025\/08\/Un-Rayo-de-Sol-300x300.jpg 300w, https:\/\/crisisrecords.cl\/wp-content\/uploads\/2025\/08\/Un-Rayo-de-Sol-150x150.jpg 150w\" sizes=\"auto, (max-width: 1024px) 100vw, 1024px\" \/><figcaption class=\"wp-element-caption\">Tonko Yutronic &#8211; Un Rayo de Sol (single)<\/figcaption><\/figure>\n<\/div>\n\n\n<details class=\"wp-block-details is-layout-flow wp-block-details-is-layout-flow\"><summary><strong>Un Rayo de Sol<\/strong><br><br>Primer single del \u00e1lbum <strong><em>Luz Interior<\/em><\/strong> de <strong>Tonko Yutronic<\/strong><br>Lanzamiento: 15\/08\/2025<br>Link a plataformas: <a href=\"https:\/\/orcd.co\/un_rayo_de_sol\">https:\/\/orcd.co\/un_rayo_de_sol<\/a><br><br><\/summary>\n<p><\/p>\n<\/details>\n\n\n\n<div class=\"wp-block-group\"><div class=\"wp-block-group__inner-container is-layout-constrained wp-block-group-is-layout-constrained\">\n<div class=\"wp-block-media-text is-stacked-on-mobile is-vertically-aligned-top\"><figure class=\"wp-block-media-text__media\"><img loading=\"lazy\" decoding=\"async\" width=\"550\" height=\"1024\" src=\"https:\/\/crisisrecords.cl\/wp-content\/uploads\/2026\/03\/WhatsApp-Image-2025-08-02-at-16.46.51-550x1024.jpeg\" alt=\"\" class=\"wp-image-791 size-full\" srcset=\"https:\/\/crisisrecords.cl\/wp-content\/uploads\/2026\/03\/WhatsApp-Image-2025-08-02-at-16.46.51-550x1024.jpeg 550w, https:\/\/crisisrecords.cl\/wp-content\/uploads\/2026\/03\/WhatsApp-Image-2025-08-02-at-16.46.51-161x300.jpeg 161w, https:\/\/crisisrecords.cl\/wp-content\/uploads\/2026\/03\/WhatsApp-Image-2025-08-02-at-16.46.51.jpeg 688w\" sizes=\"auto, (max-width: 550px) 100vw, 550px\" \/><\/figure><div class=\"wp-block-media-text__content\">\n<p>Tonko comienza su camino musical en los \u00faltimos a\u00f1os del colegio, haciendo versiones instrumentales de canciones de la \u00e9poca, m\u00e1s algunas composiciones originales. En segundo a\u00f1o de la carrera de Licenciatura en Sonido forma la banda Miradas Y Doncellas, junto a Alejandro Miranda y Patricio Moya. M\u00e1s tarde se unir\u00eda el hermano de Alejandro, Rodrigo en guitarra el\u00e9ctrica. Durante la segunda mitad de los 90s participa del proyecto Ciudadano Kane (a\u00fan activo) junto a Iv\u00e1n Guajardo y Cristi\u00e1n Riquelme. A principios del 2000 trabaja junto a Jazm\u00edn Avenda\u00f1o en el d\u00fao Lesbos In Love y a fines de la d\u00e9cada siguiente empieza a componer los temas que formar\u00edan parte de su primer trabajo solista editado en agosto de 2025 bajo Crisis Records.<br>M\u00fasico, Sonidista, Productor y cantante. Ha formado las bandas Miradas y Doncellas (1993-2000), Ciudadano Kane (2000-2026), Lesbos in Love (2000-2010). En agosto de 2025 lanza su primer \u00e1lbum solista.<br>Cr\u00e9ditos<br>Todos los temas compuestos, grabados, producidos, interpretados, mezclados y masterizados por Tonko Yutronic, excepto \u201cQue Alegres son las Obreras\u201d (del folklore boliviano, inspirada en la versi\u00f3n de V\u00edctor Jara): Arreglo y grabaci\u00f3n de charango por Ra\u00fal Salinas.<br><br><\/p>\n<\/div><\/div>\n<\/div><\/div>\n\n\n\n<p><\/p>\n","protected":false},"excerpt":{"rendered":"<p>Tonko YutronicLuz Interior\u00c1lbumLanzamiento: 22\/08\/2025Link a plataformas: https:\/\/orcd.co\/tonko_yutronic_luz_interior Primer \u00e1lbum solista de Tonko Yutronic, un elegante \u00e1lbum de synth pop &nbsp;con ocho temas cantados en espa\u00f1ol y uno en ingl\u00e9s. ir a Spotify ir a Line Music ir a Tidal ir a Youtube Music ir a Apple Music ir a Deezer ir a Claro Musica ir <a href=\"https:\/\/crisisrecords.cl\/?page_id=789\" class=\"more-link\">&#8230;<span class=\"screen-reader-text\">  Tonko Yutronic &#8211; Luz Interior<\/span><\/a><\/p>\n","protected":false},"author":1,"featured_media":0,"parent":0,"menu_order":0,"comment_status":"closed","ping_status":"closed","template":"","meta":{"footnotes":""},"class_list":["post-789","page","type-page","status-publish","hentry"],"_links":{"self":[{"href":"https:\/\/crisisrecords.cl\/index.php?rest_route=\/wp\/v2\/pages\/789","targetHints":{"allow":["GET"]}}],"collection":[{"href":"https:\/\/crisisrecords.cl\/index.php?rest_route=\/wp\/v2\/pages"}],"about":[{"href":"https:\/\/crisisrecords.cl\/index.php?rest_route=\/wp\/v2\/types\/page"}],"author":[{"embeddable":true,"href":"https:\/\/crisisrecords.cl\/index.php?rest_route=\/wp\/v2\/users\/1"}],"replies":[{"embeddable":true,"href":"https:\/\/crisisrecords.cl\/index.php?rest_route=%2Fwp%2Fv2%2Fcomments&post=789"}],"version-history":[{"count":10,"href":"https:\/\/crisisrecords.cl\/index.php?rest_route=\/wp\/v2\/pages\/789\/revisions"}],"predecessor-version":[{"id":823,"href":"https:\/\/crisisrecords.cl\/index.php?rest_route=\/wp\/v2\/pages\/789\/revisions\/823"}],"wp:attachment":[{"href":"https:\/\/crisisrecords.cl\/index.php?rest_route=%2Fwp%2Fv2%2Fmedia&parent=789"}],"curies":[{"name":"wp","href":"https:\/\/api.w.org\/{rel}","templated":true}]}}